{"id":2784,"date":"2024-09-18T11:30:39","date_gmt":"2024-09-18T09:30:39","guid":{"rendered":"https:\/\/quay17.be\/fruehstueck\/"},"modified":"2024-10-09T21:15:48","modified_gmt":"2024-10-09T19:15:48","slug":"fruehstueck","status":"publish","type":"page","link":"https:\/\/quay17.be\/de\/fruehstueck\/","title":{"rendered":"Fr\u00fchst\u00fcck"},"content":{"rendered":"\t\t<div data-elementor-type=\"wp-page\" data-elementor-id=\"2784\" class=\"elementor elementor-2784 elementor-22\" data-elementor-post-type=\"page\">\n\t\t\t\t\t\t<section class=\"elementor-section elementor-top-section elementor-element elementor-element-4256d28d elementor-section-height-min-height elementor-section-full_width elementor-section-items-bottom elementor-section-content-bottom elementor-section-height-default\" data-id=\"4256d28d\" data-element_type=\"section\" data-settings=\"{&quot;background_background&quot;:&quot;classic&quot;}\">\n\t\t\t\t\t\t\t<div class=\"elementor-background-overlay\"><\/div>\n\t\t\t\t\t\t\t<div class=\"elementor-container elementor-column-gap-no\">\n\t\t\t\t\t<div class=\"elementor-column elementor-col-100 elementor-top-column elementor-element elementor-element-3dbdcb48\" data-id=\"3dbdcb48\" data-element_type=\"column\">\n\t\t\t<div class=\"elementor-widget-wrap elementor-element-populated\">\n\t\t\t\t\t\t<section class=\"elementor-section elementor-inner-section elementor-element elementor-element-1a0104a4 elementor-section-boxed elementor-section-height-default elementor-section-height-default\" data-id=\"1a0104a4\" data-element_type=\"section\" data-settings=\"{&quot;background_background&quot;:&quot;classic&quot;}\">\n\t\t\t\t\t\t<div class=\"elementor-container elementor-column-gap-no\">\n\t\t\t\t\t<div class=\"elementor-column elementor-col-100 elementor-inner-column elementor-element elementor-element-556be73\" data-id=\"556be73\" data-element_type=\"column\">\n\t\t\t<div class=\"elementor-widget-wrap elementor-element-populated\">\n\t\t\t\t\t\t<div class=\"elementor-element elementor-element-7d7585f2 elementor-hidden-mobile elementor-widget elementor-widget-heading\" data-id=\"7d7585f2\" data-element_type=\"widget\" data-widget_type=\"heading.default\">\n\t\t\t\t<div class=\"elementor-widget-container\">\n\t\t\t\t\t<h1 class=\"elementor-heading-title elementor-size-default\">Ein k\u00f6stlicher Start in den Tag<\/h1>\t\t\t\t<\/div>\n\t\t\t\t<\/div>\n\t\t\t\t<div class=\"elementor-element elementor-element-39361ebd elementor-widget__width-initial elementor-hidden-mobile elementor-widget elementor-widget-heading\" data-id=\"39361ebd\" data-element_type=\"widget\" data-widget_type=\"heading.default\">\n\t\t\t\t<div class=\"elementor-widget-container\">\n\t\t\t\t\t<h1 class=\"elementor-heading-title elementor-size-default\">Fr\u00fchst\u00fccken mit Stil<\/h1>\t\t\t\t<\/div>\n\t\t\t\t<\/div>\n\t\t\t\t\t<\/div>\n\t\t<\/div>\n\t\t\t\t\t<\/div>\n\t\t<\/section>\n\t\t\t\t<section class=\"elementor-section elementor-inner-section elementor-element elementor-element-97414ad elementor-section-boxed elementor-section-height-default elementor-section-height-default\" data-id=\"97414ad\" data-element_type=\"section\" data-settings=\"{&quot;background_background&quot;:&quot;classic&quot;}\">\n\t\t\t\t\t\t<div class=\"elementor-container elementor-column-gap-no\">\n\t\t\t\t\t<div class=\"elementor-column elementor-col-100 elementor-inner-column elementor-element elementor-element-71243f71\" data-id=\"71243f71\" data-element_type=\"column\">\n\t\t\t<div class=\"elementor-widget-wrap elementor-element-populated\">\n\t\t\t\t\t\t<div class=\"elementor-element elementor-element-69acdfb5 elementor-align-center elementor-widget elementor-widget-button\" data-id=\"69acdfb5\" data-element_type=\"widget\" data-widget_type=\"button.default\">\n\t\t\t\t<div class=\"elementor-widget-container\">\n\t\t\t\t\t\t\t\t\t<div class=\"elementor-button-wrapper\">\n\t\t\t\t\t<a class=\"elementor-button elementor-button-link elementor-size-sm\" href=\"https:\/\/reservations.cubilis.eu\/quay-17-brugge?language=de-DE\">\n\t\t\t\t\t\t<span class=\"elementor-button-content-wrapper\">\n\t\t\t\t\t\t\t\t\t<span class=\"elementor-button-text\">Jetzt buchen<\/span>\n\t\t\t\t\t<\/span>\n\t\t\t\t\t<\/a>\n\t\t\t\t<\/div>\n\t\t\t\t\t\t\t\t<\/div>\n\t\t\t\t<\/div>\n\t\t\t\t\t<\/div>\n\t\t<\/div>\n\t\t\t\t\t<\/div>\n\t\t<\/section>\n\t\t\t\t\t<\/div>\n\t\t<\/div>\n\t\t\t\t\t<\/div>\n\t\t<\/section>\n\t\t\t\t<section class=\"elementor-section elementor-top-section elementor-element elementor-element-19df55c elementor-section-boxed elementor-section-height-default elementor-section-height-default\" data-id=\"19df55c\" data-element_type=\"section\" id=\"restaurant-blok1\" data-settings=\"{&quot;background_background&quot;:&quot;classic&quot;}\">\n\t\t\t\t\t\t<div class=\"elementor-container elementor-column-gap-no\">\n\t\t\t\t\t<div class=\"elementor-column elementor-col-100 elementor-top-column elementor-element elementor-element-49099abc\" data-id=\"49099abc\" data-element_type=\"column\">\n\t\t\t<div class=\"elementor-widget-wrap elementor-element-populated\">\n\t\t\t\t\t\t<section class=\"elementor-section elementor-inner-section elementor-element elementor-element-7f2bb925 elementor-section-boxed elementor-section-height-default elementor-section-height-default\" data-id=\"7f2bb925\" data-element_type=\"section\" data-settings=\"{&quot;background_background&quot;:&quot;classic&quot;}\">\n\t\t\t\t\t\t<div class=\"elementor-container elementor-column-gap-no\">\n\t\t\t\t\t<div class=\"elementor-column elementor-col-100 elementor-inner-column elementor-element elementor-element-14a07f0a\" data-id=\"14a07f0a\" data-element_type=\"column\">\n\t\t\t<div class=\"elementor-widget-wrap elementor-element-populated\">\n\t\t\t\t\t\t<div class=\"elementor-element elementor-element-4e716aa1 elementor-hidden-mobile elementor-widget elementor-widget-text-editor\" data-id=\"4e716aa1\" data-element_type=\"widget\" data-widget_type=\"text-editor.default\">\n\t\t\t\t<div class=\"elementor-widget-container\">\n\t\t\t\t\t\t\t\t\t<p>Voller Genuss<\/p>\n\t\t\t\t\t\t\t\t<\/div>\n\t\t\t\t<\/div>\n\t\t\t\t<div class=\"elementor-element elementor-element-21f7aba7 elementor-widget elementor-widget-heading\" data-id=\"21f7aba7\" data-element_type=\"widget\" data-widget_type=\"heading.default\">\n\t\t\t\t<div class=\"elementor-widget-container\">\n\t\t\t\t\t<h1 class=\"elementor-heading-title elementor-size-default\">Verfeinertes Fr\u00fchst\u00fcck, bereit f\u00fcr einen wundersch\u00f6nen Tag<\/h1>\t\t\t\t<\/div>\n\t\t\t\t<\/div>\n\t\t\t\t\t<\/div>\n\t\t<\/div>\n\t\t\t\t\t<\/div>\n\t\t<\/section>\n\t\t\t\t<section class=\"elementor-section elementor-inner-section elementor-element elementor-element-2f2ffcf3 elementor-section-boxed elementor-section-height-default elementor-section-height-default\" data-id=\"2f2ffcf3\" data-element_type=\"section\" data-settings=\"{&quot;background_background&quot;:&quot;classic&quot;}\">\n\t\t\t\t\t\t<div class=\"elementor-container elementor-column-gap-no\">\n\t\t\t\t\t<div class=\"elementor-column elementor-col-100 elementor-inner-column elementor-element elementor-element-60a691f3\" data-id=\"60a691f3\" data-element_type=\"column\">\n\t\t\t<div class=\"elementor-widget-wrap elementor-element-populated\">\n\t\t\t\t\t\t<div class=\"elementor-element elementor-element-1a7c9fbb elementor-widget elementor-widget-text-editor\" data-id=\"1a7c9fbb\" data-element_type=\"widget\" data-widget_type=\"text-editor.default\">\n\t\t\t\t<div class=\"elementor-widget-container\">\n\t\t\t\t\t\t\t\t\t<p>Starten Sie gut in den Tag mit unserem gesunden Fr\u00fchst\u00fcck, vollgepackt mit frischen und nahrhaften Zutaten. Genie\u00dfen Sie eine vielf\u00e4ltige Auswahl am Buffet mit Obst, M\u00fcsli, Joghurt, K\u00e4se, Aufschnitt und Vollkornprodukten, sorgf\u00e4ltig zusammengestellt, um Ihnen Energie und Vitalit\u00e4t zu verleihen. Zus\u00e4tzlich k\u00f6nnen Sie warme Gerichte \u00e0 la carte genie\u00dfen. Ein k\u00f6stlicher Start in den Tag, leicht und ausgewogen, damit Sie sich den ganzen Tag wohlf\u00fchlen.   <\/p>\n\t\t\t\t\t\t\t\t<\/div>\n\t\t\t\t<\/div>\n\t\t\t\t\t<\/div>\n\t\t<\/div>\n\t\t\t\t\t<\/div>\n\t\t<\/section>\n\t\t\t\t\t<\/div>\n\t\t<\/div>\n\t\t\t\t\t<\/div>\n\t\t<\/section>\n\t\t\t\t<section class=\"elementor-section elementor-top-section elementor-element elementor-element-4ba512e elementor-section-boxed elementor-section-height-default elementor-section-height-default\" data-id=\"4ba512e\" data-element_type=\"section\" data-settings=\"{&quot;background_background&quot;:&quot;classic&quot;}\">\n\t\t\t\t\t\t<div class=\"elementor-container elementor-column-gap-no\">\n\t\t\t\t\t<div class=\"elementor-column elementor-col-100 elementor-top-column elementor-element elementor-element-6a06c19\" data-id=\"6a06c19\" data-element_type=\"column\">\n\t\t\t<div class=\"elementor-widget-wrap elementor-element-populated\">\n\t\t\t\t\t\t<section class=\"elementor-section elementor-inner-section elementor-element elementor-element-8dfe034 elementor-section-boxed elementor-section-height-default elementor-section-height-default\" data-id=\"8dfe034\" data-element_type=\"section\" data-settings=\"{&quot;background_background&quot;:&quot;classic&quot;}\">\n\t\t\t\t\t\t<div class=\"elementor-container elementor-column-gap-no\">\n\t\t\t\t\t<div class=\"elementor-column elementor-col-50 elementor-inner-column elementor-element elementor-element-6193d53\" data-id=\"6193d53\" data-element_type=\"column\">\n\t\t\t<div class=\"elementor-widget-wrap elementor-element-populated\">\n\t\t\t\t\t\t<div class=\"elementor-element elementor-element-722faca elementor-widget elementor-widget-text-editor\" data-id=\"722faca\" data-element_type=\"widget\" data-widget_type=\"text-editor.default\">\n\t\t\t\t<div class=\"elementor-widget-container\">\n\t\t\t\t\t\t\t\t\t<p>Frisch und gesund<\/p>\n\t\t\t\t\t\t\t\t<\/div>\n\t\t\t\t<\/div>\n\t\t\t\t<div class=\"elementor-element elementor-element-74c0d1d elementor-widget elementor-widget-heading\" data-id=\"74c0d1d\" data-element_type=\"widget\" data-widget_type=\"heading.default\">\n\t\t\t\t<div class=\"elementor-widget-container\">\n\t\t\t\t\t<h1 class=\"elementor-heading-title elementor-size-default\">Ein gesunder Start<\/h1>\t\t\t\t<\/div>\n\t\t\t\t<\/div>\n\t\t\t\t<div class=\"elementor-element elementor-element-9d6c00e elementor-widget__width-initial elementor-widget elementor-widget-text-editor\" data-id=\"9d6c00e\" data-element_type=\"widget\" data-widget_type=\"text-editor.default\">\n\t\t\t\t<div class=\"elementor-widget-container\">\n\t\t\t\t\t\t\t\t\t<p>Genie\u00dfen Sie frische Zutaten, die Ihnen einen erfrischenden und nahrhaften Start bieten. Geben Sie sich einen kr\u00e4ftigen Energieschub mit einer abwechslungsreichen Auswahl, die perfekt f\u00fcr einen aktiven Lebensstil ist. <\/p>\n\t\t\t\t\t\t\t\t<\/div>\n\t\t\t\t<\/div>\n\t\t\t\t\t<\/div>\n\t\t<\/div>\n\t\t\t\t<div class=\"elementor-column elementor-col-50 elementor-inner-column elementor-element elementor-element-f64212c\" data-id=\"f64212c\" data-element_type=\"column\">\n\t\t\t<div class=\"elementor-widget-wrap elementor-element-populated\">\n\t\t\t\t\t\t<div class=\"elementor-element elementor-element-eed096e elementor-widget elementor-widget-image\" data-id=\"eed096e\" data-element_type=\"widget\" data-widget_type=\"image.default\">\n\t\t\t\t<div class=\"elementor-widget-container\">\n\t\t\t\t\t\t\t\t\t\t\t\t\t\t\t<img fetchpriority=\"high\" decoding=\"async\" width=\"800\" height=\"448\" src=\"https:\/\/quay17.be\/wp-content\/uploads\/2024\/10\/quay17_brugge-ontbijt-croissants.jpg\" class=\"attachment-large size-large wp-image-2791\" alt=\"\" srcset=\"https:\/\/quay17.be\/wp-content\/uploads\/2024\/10\/quay17_brugge-ontbijt-croissants.jpg 900w, https:\/\/quay17.be\/wp-content\/uploads\/2024\/10\/quay17_brugge-ontbijt-croissants-300x168.jpg 300w, https:\/\/quay17.be\/wp-content\/uploads\/2024\/10\/quay17_brugge-ontbijt-croissants-768x430.jpg 768w\" sizes=\"(max-width: 800px) 100vw, 800px\" \/>\t\t\t\t\t\t\t\t\t\t\t\t\t\t\t<\/div>\n\t\t\t\t<\/div>\n\t\t\t\t\t<\/div>\n\t\t<\/div>\n\t\t\t\t\t<\/div>\n\t\t<\/section>\n\t\t\t\t\t<\/div>\n\t\t<\/div>\n\t\t\t\t\t<\/div>\n\t\t<\/section>\n\t\t\t\t<section class=\"elementor-section elementor-top-section elementor-element elementor-element-7046cb52 elementor-reverse-mobile elementor-section-boxed elementor-section-height-default elementor-section-height-default\" data-id=\"7046cb52\" data-element_type=\"section\" data-settings=\"{&quot;background_background&quot;:&quot;classic&quot;}\">\n\t\t\t\t\t\t<div class=\"elementor-container elementor-column-gap-no\">\n\t\t\t\t\t<div class=\"elementor-column elementor-col-50 elementor-top-column elementor-element elementor-element-64653f35\" data-id=\"64653f35\" data-element_type=\"column\">\n\t\t\t<div class=\"elementor-widget-wrap elementor-element-populated\">\n\t\t\t\t\t\t<section class=\"elementor-section elementor-inner-section elementor-element elementor-element-795c5ec1 elementor-section-boxed elementor-section-height-default elementor-section-height-default\" data-id=\"795c5ec1\" data-element_type=\"section\">\n\t\t\t\t\t\t<div class=\"elementor-container elementor-column-gap-default\">\n\t\t\t\t\t<div class=\"elementor-column elementor-col-100 elementor-inner-column elementor-element elementor-element-7cfa1ce9\" data-id=\"7cfa1ce9\" data-element_type=\"column\">\n\t\t\t<div class=\"elementor-widget-wrap elementor-element-populated\">\n\t\t\t\t\t\t<div class=\"elementor-element elementor-element-6891bbfc elementor-widget elementor-widget-image\" data-id=\"6891bbfc\" data-element_type=\"widget\" data-widget_type=\"image.default\">\n\t\t\t\t<div class=\"elementor-widget-container\">\n\t\t\t\t\t\t\t\t\t\t\t\t\t\t\t\t<a href=\"https:\/\/quay17.be\/wp-content\/uploads\/2024\/06\/hotel-spijker-beek-restaurant-gerecht-kop1.jpg\">\n\t\t\t\t\t\t\t<img decoding=\"async\" width=\"960\" height=\"520\" src=\"https:\/\/quay17.be\/wp-content\/uploads\/2024\/10\/quay17_brugge-ontbijt-9619.jpg\" class=\"attachment-1536x1536 size-1536x1536 wp-image-2788\" alt=\"\" srcset=\"https:\/\/quay17.be\/wp-content\/uploads\/2024\/10\/quay17_brugge-ontbijt-9619.jpg 960w, https:\/\/quay17.be\/wp-content\/uploads\/2024\/10\/quay17_brugge-ontbijt-9619-300x163.jpg 300w, https:\/\/quay17.be\/wp-content\/uploads\/2024\/10\/quay17_brugge-ontbijt-9619-768x416.jpg 768w\" sizes=\"(max-width: 960px) 100vw, 960px\" \/>\t\t\t\t\t\t\t\t<\/a>\n\t\t\t\t\t\t\t\t\t\t\t\t\t\t\t<\/div>\n\t\t\t\t<\/div>\n\t\t\t\t\t<\/div>\n\t\t<\/div>\n\t\t\t\t\t<\/div>\n\t\t<\/section>\n\t\t\t\t<section class=\"elementor-section elementor-inner-section elementor-element elementor-element-6ccf50da elementor-section-boxed elementor-section-height-default elementor-section-height-default\" data-id=\"6ccf50da\" data-element_type=\"section\">\n\t\t\t\t\t\t<div class=\"elementor-container elementor-column-gap-default\">\n\t\t\t\t\t<div class=\"elementor-column elementor-col-100 elementor-inner-column elementor-element elementor-element-4c1e7eb4\" data-id=\"4c1e7eb4\" data-element_type=\"column\">\n\t\t\t<div class=\"elementor-widget-wrap elementor-element-populated\">\n\t\t\t\t\t\t<div class=\"elementor-element elementor-element-362e1dc1 elementor-widget elementor-widget-image\" data-id=\"362e1dc1\" data-element_type=\"widget\" data-widget_type=\"image.default\">\n\t\t\t\t<div class=\"elementor-widget-container\">\n\t\t\t\t\t\t\t\t\t\t\t\t\t\t\t\t<a href=\"https:\/\/quay17.be\/wp-content\/uploads\/2024\/06\/hotel-spijker-beek-restaurant-gerecht-kop2.jpg\">\n\t\t\t\t\t\t\t<img decoding=\"async\" width=\"960\" height=\"520\" src=\"https:\/\/quay17.be\/wp-content\/uploads\/2024\/10\/quay17_brugge-ontbijt-9613.jpg\" class=\"attachment-1536x1536 size-1536x1536 wp-image-2790\" alt=\"\" srcset=\"https:\/\/quay17.be\/wp-content\/uploads\/2024\/10\/quay17_brugge-ontbijt-9613.jpg 960w, https:\/\/quay17.be\/wp-content\/uploads\/2024\/10\/quay17_brugge-ontbijt-9613-300x163.jpg 300w, https:\/\/quay17.be\/wp-content\/uploads\/2024\/10\/quay17_brugge-ontbijt-9613-768x416.jpg 768w\" sizes=\"(max-width: 960px) 100vw, 960px\" \/>\t\t\t\t\t\t\t\t<\/a>\n\t\t\t\t\t\t\t\t\t\t\t\t\t\t\t<\/div>\n\t\t\t\t<\/div>\n\t\t\t\t\t<\/div>\n\t\t<\/div>\n\t\t\t\t\t<\/div>\n\t\t<\/section>\n\t\t\t\t\t<\/div>\n\t\t<\/div>\n\t\t\t\t<div class=\"elementor-column elementor-col-50 elementor-top-column elementor-element elementor-element-160348ab\" data-id=\"160348ab\" data-element_type=\"column\">\n\t\t\t<div class=\"elementor-widget-wrap elementor-element-populated\">\n\t\t\t\t\t\t<div class=\"elementor-element elementor-element-303423e6 elementor-widget elementor-widget-text-editor\" data-id=\"303423e6\" data-element_type=\"widget\" data-widget_type=\"text-editor.default\">\n\t\t\t\t<div class=\"elementor-widget-container\">\n\t\t\t\t\t\t\t\t\t<p>Ein Fr\u00fchst\u00fccksmoment<\/p>\n\t\t\t\t\t\t\t\t<\/div>\n\t\t\t\t<\/div>\n\t\t\t\t<div class=\"elementor-element elementor-element-44d58456 elementor-widget elementor-widget-heading\" data-id=\"44d58456\" data-element_type=\"widget\" data-widget_type=\"heading.default\">\n\t\t\t\t<div class=\"elementor-widget-container\">\n\t\t\t\t\t<h1 class=\"elementor-heading-title elementor-size-default\">Der Fr\u00fchst\u00fccksraum oder die frische Luft<\/h1>\t\t\t\t<\/div>\n\t\t\t\t<\/div>\n\t\t\t\t<div class=\"elementor-element elementor-element-39ccd549 elementor-widget elementor-widget-text-editor\" data-id=\"39ccd549\" data-element_type=\"widget\" data-widget_type=\"text-editor.default\">\n\t\t\t\t<div class=\"elementor-widget-container\">\n\t\t\t\t\t\t\t\t\t<p>Wir servieren jeden Morgen ein k\u00f6stliches Fr\u00fchst\u00fcck in unserem sch\u00f6nen Fr\u00fchst\u00fccksraum, wo Sie eine gem\u00fctliche Atmosph\u00e4re und eine herrliche Aussicht genie\u00dfen k\u00f6nnen. Aber wenn das Wetter mitspielt, laden wir Sie ein, Ihr Fr\u00fchst\u00fcck drau\u00dfen auf unserer sonnigen Terrasse zu erleben! Genie\u00dfen Sie die frische Luft, den Blick auf die Kan\u00e4le und einen Moment purer Entspannung, w\u00e4hrend Sie sich mit unseren k\u00f6stlichen Leckereien verw\u00f6hnen. Fr\u00fchst\u00fccken war noch nie so sch\u00f6n!   <\/p>\n\t\t\t\t\t\t\t\t<\/div>\n\t\t\t\t<\/div>\n\t\t\t\t\t<\/div>\n\t\t<\/div>\n\t\t\t\t\t<\/div>\n\t\t<\/section>\n\t\t\t\t<\/div>\n\t\t","protected":false},"excerpt":{"rendered":"<p>Ein k\u00f6stlicher Start in den Tag Fr\u00fchst\u00fccken mit Stil Jetzt buchen Voller Genuss Verfeinertes Fr\u00fchst\u00fcck, bereit f\u00fcr einen wundersch\u00f6nen Tag Starten Sie gut in den Tag mit unserem gesunden Fr\u00fchst\u00fcck, vollgepackt mit frischen und nahrhaften Zutaten. Genie\u00dfen Sie eine vielf\u00e4ltige Auswahl am Buffet mit Obst, M\u00fcsli, Joghurt, K\u00e4se, Aufschnitt und Vollkornprodukten, sorgf\u00e4ltig zusammengestellt, um Ihnen [&hellip;]<\/p>\n","protected":false},"author":1,"featured_media":0,"parent":0,"menu_order":10,"comment_status":"closed","ping_status":"closed","template":"","meta":{"footnotes":""},"class_list":["post-2784","page","type-page","status-publish","hentry"],"_links":{"self":[{"href":"https:\/\/quay17.be\/de\/wp-json\/wp\/v2\/pages\/2784","targetHints":{"allow":["GET"]}}],"collection":[{"href":"https:\/\/quay17.be\/de\/wp-json\/wp\/v2\/pages"}],"about":[{"href":"https:\/\/quay17.be\/de\/wp-json\/wp\/v2\/types\/page"}],"author":[{"embeddable":true,"href":"https:\/\/quay17.be\/de\/wp-json\/wp\/v2\/users\/1"}],"replies":[{"embeddable":true,"href":"https:\/\/quay17.be\/de\/wp-json\/wp\/v2\/comments?post=2784"}],"version-history":[{"count":7,"href":"https:\/\/quay17.be\/de\/wp-json\/wp\/v2\/pages\/2784\/revisions"}],"predecessor-version":[{"id":3089,"href":"https:\/\/quay17.be\/de\/wp-json\/wp\/v2\/pages\/2784\/revisions\/3089"}],"wp:attachment":[{"href":"https:\/\/quay17.be\/de\/wp-json\/wp\/v2\/media?parent=2784"}],"curies":[{"name":"wp","href":"https:\/\/api.w.org\/{rel}","templated":true}]}}