{"id":2808,"date":"2024-09-21T16:00:28","date_gmt":"2024-09-21T14:00:28","guid":{"rendered":"https:\/\/quay17.be\/bruegge\/"},"modified":"2024-10-09T21:14:16","modified_gmt":"2024-10-09T19:14:16","slug":"bruegge","status":"publish","type":"page","link":"https:\/\/quay17.be\/de\/bruegge\/","title":{"rendered":"Br\u00fcgge"},"content":{"rendered":"\t\t<div data-elementor-type=\"wp-page\" data-elementor-id=\"2808\" class=\"elementor elementor-2808 elementor-854\" data-elementor-post-type=\"page\">\n\t\t\t\t\t\t<section class=\"elementor-section elementor-top-section elementor-element elementor-element-1b4b8daa elementor-section-height-min-height elementor-section-full_width elementor-section-items-bottom elementor-section-content-bottom elementor-section-height-default\" data-id=\"1b4b8daa\" data-element_type=\"section\" data-settings=\"{&quot;background_background&quot;:&quot;classic&quot;}\">\n\t\t\t\t\t\t\t<div class=\"elementor-background-overlay\"><\/div>\n\t\t\t\t\t\t\t<div class=\"elementor-container elementor-column-gap-no\">\n\t\t\t\t\t<div class=\"elementor-column elementor-col-100 elementor-top-column elementor-element elementor-element-46478dcc\" data-id=\"46478dcc\" data-element_type=\"column\">\n\t\t\t<div class=\"elementor-widget-wrap elementor-element-populated\">\n\t\t\t\t\t\t<section class=\"elementor-section elementor-inner-section elementor-element elementor-element-27ad3ae7 elementor-section-boxed elementor-section-height-default elementor-section-height-default\" data-id=\"27ad3ae7\" data-element_type=\"section\" data-settings=\"{&quot;background_background&quot;:&quot;classic&quot;}\">\n\t\t\t\t\t\t<div class=\"elementor-container elementor-column-gap-no\">\n\t\t\t\t\t<div class=\"elementor-column elementor-col-100 elementor-inner-column elementor-element elementor-element-752905a8\" data-id=\"752905a8\" data-element_type=\"column\">\n\t\t\t<div class=\"elementor-widget-wrap elementor-element-populated\">\n\t\t\t\t\t\t<div class=\"elementor-element elementor-element-5189860d elementor-hidden-mobile elementor-widget elementor-widget-heading\" data-id=\"5189860d\" data-element_type=\"widget\" data-widget_type=\"heading.default\">\n\t\t\t\t<div class=\"elementor-widget-container\">\n\t\t\t\t\t<h1 class=\"elementor-heading-title elementor-size-default\">Br\u00fcgge Die Scone<\/h1>\t\t\t\t<\/div>\n\t\t\t\t<\/div>\n\t\t\t\t<div class=\"elementor-element elementor-element-7d4f4b5f elementor-widget__width-auto elementor-hidden-mobile elementor-widget elementor-widget-heading\" data-id=\"7d4f4b5f\" data-element_type=\"widget\" data-widget_type=\"heading.default\">\n\t\t\t\t<div class=\"elementor-widget-container\">\n\t\t\t\t\t<h1 class=\"elementor-heading-title elementor-size-default\">Ein unvergesslicher Aufenthalt<\/h1>\t\t\t\t<\/div>\n\t\t\t\t<\/div>\n\t\t\t\t\t<\/div>\n\t\t<\/div>\n\t\t\t\t\t<\/div>\n\t\t<\/section>\n\t\t\t\t\t<\/div>\n\t\t<\/div>\n\t\t\t\t\t<\/div>\n\t\t<\/section>\n\t\t\t\t<section class=\"elementor-section elementor-top-section elementor-element elementor-element-4fda62e4 elementor-section-boxed elementor-section-height-default elementor-section-height-default\" data-id=\"4fda62e4\" data-element_type=\"section\" id=\"omgeving-blok1\" data-settings=\"{&quot;background_background&quot;:&quot;classic&quot;}\">\n\t\t\t\t\t\t<div class=\"elementor-container elementor-column-gap-no\">\n\t\t\t\t\t<div class=\"elementor-column elementor-col-100 elementor-top-column elementor-element elementor-element-23d09ea5\" data-id=\"23d09ea5\" data-element_type=\"column\">\n\t\t\t<div class=\"elementor-widget-wrap elementor-element-populated\">\n\t\t\t\t\t\t<section class=\"elementor-section elementor-inner-section elementor-element elementor-element-1fd488ea elementor-section-boxed elementor-section-height-default elementor-section-height-default\" data-id=\"1fd488ea\" data-element_type=\"section\" data-settings=\"{&quot;background_background&quot;:&quot;classic&quot;}\">\n\t\t\t\t\t\t<div class=\"elementor-container elementor-column-gap-no\">\n\t\t\t\t\t<div class=\"elementor-column elementor-col-50 elementor-inner-column elementor-element elementor-element-448962b9\" data-id=\"448962b9\" data-element_type=\"column\">\n\t\t\t<div class=\"elementor-widget-wrap elementor-element-populated\">\n\t\t\t\t\t\t<div class=\"elementor-element elementor-element-590bad42 elementor-widget elementor-widget-image\" data-id=\"590bad42\" data-element_type=\"widget\" data-widget_type=\"image.default\">\n\t\t\t\t<div class=\"elementor-widget-container\">\n\t\t\t\t\t\t\t\t\t\t\t\t\t\t\t<img fetchpriority=\"high\" decoding=\"async\" width=\"800\" height=\"922\" src=\"https:\/\/quay17.be\/wp-content\/uploads\/2024\/10\/quay17_brugge-brugskant-a.jpg\" class=\"attachment-large size-large wp-image-2813\" alt=\"\" srcset=\"https:\/\/quay17.be\/wp-content\/uploads\/2024\/10\/quay17_brugge-brugskant-a.jpg 803w, https:\/\/quay17.be\/wp-content\/uploads\/2024\/10\/quay17_brugge-brugskant-a-260x300.jpg 260w, https:\/\/quay17.be\/wp-content\/uploads\/2024\/10\/quay17_brugge-brugskant-a-768x885.jpg 768w\" sizes=\"(max-width: 800px) 100vw, 800px\" \/>\t\t\t\t\t\t\t\t\t\t\t\t\t\t\t<\/div>\n\t\t\t\t<\/div>\n\t\t\t\t<div class=\"elementor-element elementor-element-2510e08f elementor-widget elementor-widget-image\" data-id=\"2510e08f\" data-element_type=\"widget\" data-widget_type=\"image.default\">\n\t\t\t\t<div class=\"elementor-widget-container\">\n\t\t\t\t\t\t\t\t\t\t\t\t\t\t\t<img decoding=\"async\" width=\"649\" height=\"650\" src=\"https:\/\/quay17.be\/wp-content\/uploads\/2024\/10\/quay17_brugge-historie.jpg\" class=\"attachment-large size-large wp-image-2814\" alt=\"\" srcset=\"https:\/\/quay17.be\/wp-content\/uploads\/2024\/10\/quay17_brugge-historie.jpg 649w, https:\/\/quay17.be\/wp-content\/uploads\/2024\/10\/quay17_brugge-historie-300x300.jpg 300w, https:\/\/quay17.be\/wp-content\/uploads\/2024\/10\/quay17_brugge-historie-150x150.jpg 150w\" sizes=\"(max-width: 649px) 100vw, 649px\" \/>\t\t\t\t\t\t\t\t\t\t\t\t\t\t\t<\/div>\n\t\t\t\t<\/div>\n\t\t\t\t\t<\/div>\n\t\t<\/div>\n\t\t\t\t<div class=\"elementor-column elementor-col-50 elementor-inner-column elementor-element elementor-element-480d51b4\" data-id=\"480d51b4\" data-element_type=\"column\">\n\t\t\t<div class=\"elementor-widget-wrap elementor-element-populated\">\n\t\t\t\t\t\t<div class=\"elementor-element elementor-element-4e75bb5c elementor-widget elementor-widget-text-editor\" data-id=\"4e75bb5c\" data-element_type=\"widget\" data-widget_type=\"text-editor.default\">\n\t\t\t\t<div class=\"elementor-widget-container\">\n\t\t\t\t\t\t\t\t\t<p>zoveel moois<\/p>\n\t\t\t\t\t\t\t\t<\/div>\n\t\t\t\t<\/div>\n\t\t\t\t<div class=\"elementor-element elementor-element-5882ca5 elementor-widget elementor-widget-heading\" data-id=\"5882ca5\" data-element_type=\"widget\" data-widget_type=\"heading.default\">\n\t\t\t\t<div class=\"elementor-widget-container\">\n\t\t\t\t\t<h2 class=\"elementor-heading-title elementor-size-default\">Br\u00fcgge:<br>Ein vollst\u00e4ndiger Aufenthalt<\/h2>\t\t\t\t<\/div>\n\t\t\t\t<\/div>\n\t\t\t\t<div class=\"elementor-element elementor-element-2eb4e5fd elementor-widget elementor-widget-text-editor\" data-id=\"2eb4e5fd\" data-element_type=\"widget\" data-widget_type=\"text-editor.default\">\n\t\t\t\t<div class=\"elementor-widget-container\">\n\t\t\t\t\t\t\t\t\t<p>Br\u00fcgge bietet alles, was Sie f\u00fcr einen unvergesslichen Aufenthalt ben\u00f6tigen. Der reiche historische Charakter der Stadt, kombiniert mit kulinarischen H\u00f6hepunkten wie Bier und Schokolade, macht sie zu einem idealen Reiseziel f\u00fcr Kultur- und Feinschmecker. Dar\u00fcber hinaus beherbergt die Stadt zahlreiche Museen, wie das Groeningemuseum und das Spitzenmuseum, wo Sie mehr \u00fcber die einzigartigen Traditionen und die Kunst von Br\u00fcgge erfahren k\u00f6nnen. Die N\u00e4he zu Knokke und Damme bietet zus\u00e4tzliche M\u00f6glichkeiten, die Umgebung zu erkunden und macht Br\u00fcgge zur perfekten Basis f\u00fcr einen abwechslungsreichen und faszinierenden mehrt\u00e4gigen Urlaub in Belgien.   <\/p>\n\t\t\t\t\t\t\t\t<\/div>\n\t\t\t\t<\/div>\n\t\t\t\t\t<\/div>\n\t\t<\/div>\n\t\t\t\t\t<\/div>\n\t\t<\/section>\n\t\t\t\t\t<\/div>\n\t\t<\/div>\n\t\t\t\t\t<\/div>\n\t\t<\/section>\n\t\t\t\t<section class=\"elementor-section elementor-top-section elementor-element elementor-element-5829646a elementor-section-boxed elementor-section-height-default elementor-section-height-default\" data-id=\"5829646a\" data-element_type=\"section\" data-settings=\"{&quot;background_background&quot;:&quot;classic&quot;}\">\n\t\t\t\t\t\t<div class=\"elementor-container elementor-column-gap-no\">\n\t\t\t\t\t<div class=\"elementor-column elementor-col-100 elementor-top-column elementor-element elementor-element-1a487b93\" data-id=\"1a487b93\" data-element_type=\"column\">\n\t\t\t<div class=\"elementor-widget-wrap elementor-element-populated\">\n\t\t\t\t\t\t<section class=\"elementor-section elementor-inner-section elementor-element elementor-element-7cbc8dd8 elementor-section-boxed elementor-section-height-default elementor-section-height-default\" data-id=\"7cbc8dd8\" data-element_type=\"section\" data-settings=\"{&quot;background_background&quot;:&quot;classic&quot;}\">\n\t\t\t\t\t\t<div class=\"elementor-container elementor-column-gap-default\">\n\t\t\t\t\t<div class=\"elementor-column elementor-col-33 elementor-inner-column elementor-element elementor-element-246ac7f9\" data-id=\"246ac7f9\" data-element_type=\"column\">\n\t\t\t<div class=\"elementor-widget-wrap elementor-element-populated\">\n\t\t\t\t\t\t<div class=\"elementor-element elementor-element-2a37464f elementor-widget elementor-widget-image\" data-id=\"2a37464f\" data-element_type=\"widget\" data-widget_type=\"image.default\">\n\t\t\t\t<div class=\"elementor-widget-container\">\n\t\t\t\t\t\t\t\t\t\t\t\t\t\t\t\t<a href=\"https:\/\/quay17.be\/wp-content\/uploads\/2024\/10\/quay17_brugge-stad-02.jpg\" data-elementor-open-lightbox=\"yes\" data-e-action-hash=\"#elementor-action%3Aaction%3Dlightbox%26settings%3DeyJpZCI6MjgxNiwidXJsIjoiaHR0cHM6XC9cL3F1YXkxNy5iZVwvd3AtY29udGVudFwvdXBsb2Fkc1wvMjAyNFwvMTBcL3F1YXkxN19icnVnZ2Utc3RhZC0wMi5qcGcifQ%3D%3D\">\n\t\t\t\t\t\t\t<img decoding=\"async\" width=\"1000\" height=\"900\" src=\"https:\/\/quay17.be\/wp-content\/uploads\/2024\/10\/quay17_brugge-stad-02.jpg\" class=\"attachment-full size-full wp-image-2816\" alt=\"\" srcset=\"https:\/\/quay17.be\/wp-content\/uploads\/2024\/10\/quay17_brugge-stad-02.jpg 1000w, https:\/\/quay17.be\/wp-content\/uploads\/2024\/10\/quay17_brugge-stad-02-300x270.jpg 300w, https:\/\/quay17.be\/wp-content\/uploads\/2024\/10\/quay17_brugge-stad-02-768x691.jpg 768w\" sizes=\"(max-width: 1000px) 100vw, 1000px\" \/>\t\t\t\t\t\t\t\t<\/a>\n\t\t\t\t\t\t\t\t\t\t\t\t\t\t\t<\/div>\n\t\t\t\t<\/div>\n\t\t\t\t<div class=\"elementor-element elementor-element-5edeffe7 elementor-widget elementor-widget-image\" data-id=\"5edeffe7\" data-element_type=\"widget\" data-widget_type=\"image.default\">\n\t\t\t\t<div class=\"elementor-widget-container\">\n\t\t\t\t\t\t\t\t\t\t\t\t\t\t\t\t<a href=\"https:\/\/quay17.be\/wp-content\/uploads\/2024\/10\/quay17_brugge-stad-05jpg.jpg\" data-elementor-open-lightbox=\"yes\" data-e-action-hash=\"#elementor-action%3Aaction%3Dlightbox%26settings%3DeyJpZCI6MjgxOCwidXJsIjoiaHR0cHM6XC9cL3F1YXkxNy5iZVwvd3AtY29udGVudFwvdXBsb2Fkc1wvMjAyNFwvMTBcL3F1YXkxN19icnVnZ2Utc3RhZC0wNWpwZy5qcGcifQ%3D%3D\">\n\t\t\t\t\t\t\t<img loading=\"lazy\" decoding=\"async\" width=\"1000\" height=\"900\" src=\"https:\/\/quay17.be\/wp-content\/uploads\/2024\/10\/quay17_brugge-stad-05jpg.jpg\" class=\"attachment-full size-full wp-image-2818\" alt=\"\" srcset=\"https:\/\/quay17.be\/wp-content\/uploads\/2024\/10\/quay17_brugge-stad-05jpg.jpg 1000w, https:\/\/quay17.be\/wp-content\/uploads\/2024\/10\/quay17_brugge-stad-05jpg-300x270.jpg 300w, https:\/\/quay17.be\/wp-content\/uploads\/2024\/10\/quay17_brugge-stad-05jpg-768x691.jpg 768w\" sizes=\"(max-width: 1000px) 100vw, 1000px\" \/>\t\t\t\t\t\t\t\t<\/a>\n\t\t\t\t\t\t\t\t\t\t\t\t\t\t\t<\/div>\n\t\t\t\t<\/div>\n\t\t\t\t\t<\/div>\n\t\t<\/div>\n\t\t\t\t<div class=\"elementor-column elementor-col-33 elementor-inner-column elementor-element elementor-element-45bdc9a4\" data-id=\"45bdc9a4\" data-element_type=\"column\">\n\t\t\t<div class=\"elementor-widget-wrap elementor-element-populated\">\n\t\t\t\t\t\t<div class=\"elementor-element elementor-element-196fcae9 elementor-widget elementor-widget-image\" data-id=\"196fcae9\" data-element_type=\"widget\" data-widget_type=\"image.default\">\n\t\t\t\t<div class=\"elementor-widget-container\">\n\t\t\t\t\t\t\t\t\t\t\t\t\t\t\t\t<a href=\"https:\/\/quay17.be\/wp-content\/uploads\/2024\/10\/quay17_brugge-stad-01.jpg\" data-elementor-open-lightbox=\"yes\" data-e-action-hash=\"#elementor-action%3Aaction%3Dlightbox%26settings%3DeyJpZCI6MjgxNSwidXJsIjoiaHR0cHM6XC9cL3F1YXkxNy5iZVwvd3AtY29udGVudFwvdXBsb2Fkc1wvMjAyNFwvMTBcL3F1YXkxN19icnVnZ2Utc3RhZC0wMS5qcGcifQ%3D%3D\">\n\t\t\t\t\t\t\t<img loading=\"lazy\" decoding=\"async\" width=\"540\" height=\"960\" src=\"https:\/\/quay17.be\/wp-content\/uploads\/2024\/10\/quay17_brugge-stad-01.jpg\" class=\"attachment-full size-full wp-image-2815\" alt=\"\" srcset=\"https:\/\/quay17.be\/wp-content\/uploads\/2024\/10\/quay17_brugge-stad-01.jpg 540w, https:\/\/quay17.be\/wp-content\/uploads\/2024\/10\/quay17_brugge-stad-01-169x300.jpg 169w\" sizes=\"(max-width: 540px) 100vw, 540px\" \/>\t\t\t\t\t\t\t\t<\/a>\n\t\t\t\t\t\t\t\t\t\t\t\t\t\t\t<\/div>\n\t\t\t\t<\/div>\n\t\t\t\t\t<\/div>\n\t\t<\/div>\n\t\t\t\t<div class=\"elementor-column elementor-col-33 elementor-inner-column elementor-element elementor-element-3e7297ac\" data-id=\"3e7297ac\" data-element_type=\"column\">\n\t\t\t<div class=\"elementor-widget-wrap elementor-element-populated\">\n\t\t\t\t\t\t<div class=\"elementor-element elementor-element-7f6ee13e elementor-widget elementor-widget-image\" data-id=\"7f6ee13e\" data-element_type=\"widget\" data-widget_type=\"image.default\">\n\t\t\t\t<div class=\"elementor-widget-container\">\n\t\t\t\t\t\t\t\t\t\t\t\t\t\t\t\t<a href=\"https:\/\/quay17.be\/wp-content\/uploads\/2024\/10\/quay17_brugge-stad-04.jpg\" data-elementor-open-lightbox=\"yes\" data-e-action-hash=\"#elementor-action%3Aaction%3Dlightbox%26settings%3DeyJpZCI6MjgxNywidXJsIjoiaHR0cHM6XC9cL3F1YXkxNy5iZVwvd3AtY29udGVudFwvdXBsb2Fkc1wvMjAyNFwvMTBcL3F1YXkxN19icnVnZ2Utc3RhZC0wNC5qcGcifQ%3D%3D\">\n\t\t\t\t\t\t\t<img loading=\"lazy\" decoding=\"async\" width=\"1000\" height=\"900\" src=\"https:\/\/quay17.be\/wp-content\/uploads\/2024\/10\/quay17_brugge-stad-04.jpg\" class=\"attachment-full size-full wp-image-2817\" alt=\"\" srcset=\"https:\/\/quay17.be\/wp-content\/uploads\/2024\/10\/quay17_brugge-stad-04.jpg 1000w, https:\/\/quay17.be\/wp-content\/uploads\/2024\/10\/quay17_brugge-stad-04-300x270.jpg 300w, https:\/\/quay17.be\/wp-content\/uploads\/2024\/10\/quay17_brugge-stad-04-768x691.jpg 768w\" sizes=\"(max-width: 1000px) 100vw, 1000px\" \/>\t\t\t\t\t\t\t\t<\/a>\n\t\t\t\t\t\t\t\t\t\t\t\t\t\t\t<\/div>\n\t\t\t\t<\/div>\n\t\t\t\t<div class=\"elementor-element elementor-element-6ba94ce5 elementor-widget elementor-widget-image\" data-id=\"6ba94ce5\" data-element_type=\"widget\" data-widget_type=\"image.default\">\n\t\t\t\t<div class=\"elementor-widget-container\">\n\t\t\t\t\t\t\t\t\t\t\t\t\t\t\t\t<a href=\"https:\/\/quay17.be\/wp-content\/uploads\/2024\/10\/quay17_brugge-stad-07.jpg\" data-elementor-open-lightbox=\"yes\" data-e-action-hash=\"#elementor-action%3Aaction%3Dlightbox%26settings%3DeyJpZCI6MjgxOSwidXJsIjoiaHR0cHM6XC9cL3F1YXkxNy5iZVwvd3AtY29udGVudFwvdXBsb2Fkc1wvMjAyNFwvMTBcL3F1YXkxN19icnVnZ2Utc3RhZC0wNy5qcGcifQ%3D%3D\">\n\t\t\t\t\t\t\t<img loading=\"lazy\" decoding=\"async\" width=\"1000\" height=\"900\" src=\"https:\/\/quay17.be\/wp-content\/uploads\/2024\/10\/quay17_brugge-stad-07.jpg\" class=\"attachment-full size-full wp-image-2819\" alt=\"\" srcset=\"https:\/\/quay17.be\/wp-content\/uploads\/2024\/10\/quay17_brugge-stad-07.jpg 1000w, https:\/\/quay17.be\/wp-content\/uploads\/2024\/10\/quay17_brugge-stad-07-300x270.jpg 300w, https:\/\/quay17.be\/wp-content\/uploads\/2024\/10\/quay17_brugge-stad-07-768x691.jpg 768w\" sizes=\"(max-width: 1000px) 100vw, 1000px\" \/>\t\t\t\t\t\t\t\t<\/a>\n\t\t\t\t\t\t\t\t\t\t\t\t\t\t\t<\/div>\n\t\t\t\t<\/div>\n\t\t\t\t\t<\/div>\n\t\t<\/div>\n\t\t\t\t\t<\/div>\n\t\t<\/section>\n\t\t\t\t\t<\/div>\n\t\t<\/div>\n\t\t\t\t\t<\/div>\n\t\t<\/section>\n\t\t<div class=\"elementor-element elementor-element-3137677 e-con-full e-flex e-con e-parent\" data-id=\"3137677\" data-element_type=\"container\" data-settings=\"{&quot;background_background&quot;:&quot;classic&quot;}\">\n\t\t\t\t<div class=\"elementor-element elementor-element-452bff2 elementor-widget__width-inherit elementor-widget elementor-widget-accordion\" data-id=\"452bff2\" data-element_type=\"widget\" data-widget_type=\"accordion.default\">\n\t\t\t\t<div class=\"elementor-widget-container\">\n\t\t\t\t\t\t\t<div class=\"elementor-accordion\">\n\t\t\t\t\t\t\t<div class=\"elementor-accordion-item\">\n\t\t\t\t\t<div id=\"elementor-tab-title-7251\" class=\"elementor-tab-title\" data-tab=\"1\" role=\"button\" aria-controls=\"elementor-tab-content-7251\" aria-expanded=\"false\">\n\t\t\t\t\t\t\t\t\t\t\t\t\t<span class=\"elementor-accordion-icon elementor-accordion-icon-left\" aria-hidden=\"true\">\n\t\t\t\t\t\t\t\t\t\t\t\t\t\t\t<span class=\"elementor-accordion-icon-closed\"><svg class=\"e-font-icon-svg e-fas-plus\" viewBox=\"0 0 448 512\" xmlns=\"http:\/\/www.w3.org\/2000\/svg\"><path d=\"M416 208H272V64c0-17.67-14.33-32-32-32h-32c-17.67 0-32 14.33-32 32v144H32c-17.67 0-32 14.33-32 32v32c0 17.67 14.33 32 32 32h144v144c0 17.67 14.33 32 32 32h32c17.67 0 32-14.33 32-32V304h144c17.67 0 32-14.33 32-32v-32c0-17.67-14.33-32-32-32z\"><\/path><\/svg><\/span>\n\t\t\t\t\t\t\t\t<span class=\"elementor-accordion-icon-opened\"><svg class=\"e-font-icon-svg e-fas-minus\" viewBox=\"0 0 448 512\" xmlns=\"http:\/\/www.w3.org\/2000\/svg\"><path d=\"M416 208H32c-17.67 0-32 14.33-32 32v32c0 17.67 14.33 32 32 32h384c17.67 0 32-14.33 32-32v-32c0-17.67-14.33-32-32-32z\"><\/path><\/svg><\/span>\n\t\t\t\t\t\t\t\t\t\t\t\t\t\t<\/span>\n\t\t\t\t\t\t\t\t\t\t\t\t<a class=\"elementor-accordion-title\" tabindex=\"0\">Historisches Br\u00fcgge: Ein Schritt zur\u00fcck in die Zeit<\/a>\n\t\t\t\t\t<\/div>\n\t\t\t\t\t<div id=\"elementor-tab-content-7251\" class=\"elementor-tab-content elementor-clearfix\" data-tab=\"1\" role=\"region\" aria-labelledby=\"elementor-tab-title-7251\"><p>Br\u00fcgge, das Venedig des Nordens, ist eine der am besten erhaltenen mittelalterlichen St\u00e4dte Europas und atmet Geschichte. Die engen Kopfsteinpflasterstra\u00dfen, die sch\u00f6nen Kan\u00e4le und die majest\u00e4tischen Geb\u00e4ude bringen die Besucher in eine Zeit zur\u00fcck, als Br\u00fcgge ein wichtiges Handelszentrum war. Die Stadt steht auf der UNESCO-Welterbeliste und bietet eine beeindruckende Sammlung historischer Sehensw\u00fcrdigkeiten, wie das ikonische Belfried von Br\u00fcgge, die Heilig-Blut-Basilika und den wundersch\u00f6nen Beginenhof.  <\/p>\n<p>Ein Spaziergang durch die Stadt f\u00fchlt sich an wie eine Reise durch die Zeit, in der Sie die mittelalterliche Atmosph\u00e4re erleben k\u00f6nnen, komplett mit Kan\u00e4len und Br\u00fccken, die ein idyllisches Bild abgeben. Das Groeningemuseum beherbergt eine reiche Sammlung fl\u00e4mischer Primitiver und bietet faszinierende Einblicke in die Kunst und Kultur jener Zeit. <\/p>\n<\/div>\n\t\t\t\t<\/div>\n\t\t\t\t\t\t\t<div class=\"elementor-accordion-item\">\n\t\t\t\t\t<div id=\"elementor-tab-title-7252\" class=\"elementor-tab-title\" data-tab=\"2\" role=\"button\" aria-controls=\"elementor-tab-content-7252\" aria-expanded=\"false\">\n\t\t\t\t\t\t\t\t\t\t\t\t\t<span class=\"elementor-accordion-icon elementor-accordion-icon-left\" aria-hidden=\"true\">\n\t\t\t\t\t\t\t\t\t\t\t\t\t\t\t<span class=\"elementor-accordion-icon-closed\"><svg class=\"e-font-icon-svg e-fas-plus\" viewBox=\"0 0 448 512\" xmlns=\"http:\/\/www.w3.org\/2000\/svg\"><path d=\"M416 208H272V64c0-17.67-14.33-32-32-32h-32c-17.67 0-32 14.33-32 32v144H32c-17.67 0-32 14.33-32 32v32c0 17.67 14.33 32 32 32h144v144c0 17.67 14.33 32 32 32h32c17.67 0 32-14.33 32-32V304h144c17.67 0 32-14.33 32-32v-32c0-17.67-14.33-32-32-32z\"><\/path><\/svg><\/span>\n\t\t\t\t\t\t\t\t<span class=\"elementor-accordion-icon-opened\"><svg class=\"e-font-icon-svg e-fas-minus\" viewBox=\"0 0 448 512\" xmlns=\"http:\/\/www.w3.org\/2000\/svg\"><path d=\"M416 208H32c-17.67 0-32 14.33-32 32v32c0 17.67 14.33 32 32 32h384c17.67 0 32-14.33 32-32v-32c0-17.67-14.33-32-32-32z\"><\/path><\/svg><\/span>\n\t\t\t\t\t\t\t\t\t\t\t\t\t\t<\/span>\n\t\t\t\t\t\t\t\t\t\t\t\t<a class=\"elementor-accordion-title\" tabindex=\"0\">Kulinarische K\u00f6stlichkeiten: Bier, Schokolade und Spitzenrestaurants<\/a>\n\t\t\t\t\t<\/div>\n\t\t\t\t\t<div id=\"elementor-tab-content-7252\" class=\"elementor-tab-content elementor-clearfix\" data-tab=\"2\" role=\"region\" aria-labelledby=\"elementor-tab-title-7252\"><p>Belgien ist bekannt f\u00fcr seine hervorragende Bierkultur, und Br\u00fcgge ist da keine Ausnahme. Die Stadt bietet eine F\u00fclle lokaler Brauereien und Biercaf\u00e9s, in denen Besucher einige der besten Biere der Welt genie\u00dfen k\u00f6nnen, wie den Brugse Zot und den Straffe Hendrik, beide aus der Brauerei De Halve Maan. Ein Besuch dieser Brauerei, einschlie\u00dflich einer F\u00fchrung und einer Bierprobe, ist sehr zu empfehlen.  <\/p>\n<p>F\u00fcr Naschkatzen ist Br\u00fcgge ebenfalls ein Paradies. Die Stadt ist bekannt f\u00fcr ihre handgemachte Schokolade und beherbergt zahlreiche Chocolatiers, die exquisite Pralinen und andere K\u00f6stlichkeiten herstellen. Ein Besuch im Choco-Story Museum gibt Ihnen Einblicke in die reiche Geschichte der Schokolade und deren Herstellung.  <\/p>\n<p>Dar\u00fcber hinaus ist Br\u00fcgge f\u00fcr seine Spitzenrestaurants bekannt. Die Stadt bietet eine breite Palette an gastronomischen Erlebnissen, von gem\u00fctlichen Brasserien bis hin zu mit Michelin-Sternen ausgezeichneten Restaurants. Hier k\u00f6nnen Besucher raffinierte belgische Gerichte genie\u00dfen, die oft mit lokalen und saisonalen Zutaten zubereitet werden.  <\/p>\n<\/div>\n\t\t\t\t<\/div>\n\t\t\t\t\t\t\t<div class=\"elementor-accordion-item\">\n\t\t\t\t\t<div id=\"elementor-tab-title-7253\" class=\"elementor-tab-title\" data-tab=\"3\" role=\"button\" aria-controls=\"elementor-tab-content-7253\" aria-expanded=\"false\">\n\t\t\t\t\t\t\t\t\t\t\t\t\t<span class=\"elementor-accordion-icon elementor-accordion-icon-left\" aria-hidden=\"true\">\n\t\t\t\t\t\t\t\t\t\t\t\t\t\t\t<span class=\"elementor-accordion-icon-closed\"><svg class=\"e-font-icon-svg e-fas-plus\" viewBox=\"0 0 448 512\" xmlns=\"http:\/\/www.w3.org\/2000\/svg\"><path d=\"M416 208H272V64c0-17.67-14.33-32-32-32h-32c-17.67 0-32 14.33-32 32v144H32c-17.67 0-32 14.33-32 32v32c0 17.67 14.33 32 32 32h144v144c0 17.67 14.33 32 32 32h32c17.67 0 32-14.33 32-32V304h144c17.67 0 32-14.33 32-32v-32c0-17.67-14.33-32-32-32z\"><\/path><\/svg><\/span>\n\t\t\t\t\t\t\t\t<span class=\"elementor-accordion-icon-opened\"><svg class=\"e-font-icon-svg e-fas-minus\" viewBox=\"0 0 448 512\" xmlns=\"http:\/\/www.w3.org\/2000\/svg\"><path d=\"M416 208H32c-17.67 0-32 14.33-32 32v32c0 17.67 14.33 32 32 32h384c17.67 0 32-14.33 32-32v-32c0-17.67-14.33-32-32-32z\"><\/path><\/svg><\/span>\n\t\t\t\t\t\t\t\t\t\t\t\t\t\t<\/span>\n\t\t\t\t\t\t\t\t\t\t\t\t<a class=\"elementor-accordion-title\" tabindex=\"0\">Nahe gelegene Ausfl\u00fcge: Knokke und Damme<\/a>\n\t\t\t\t\t<\/div>\n\t\t\t\t\t<div id=\"elementor-tab-content-7253\" class=\"elementor-tab-content elementor-clearfix\" data-tab=\"3\" role=\"region\" aria-labelledby=\"elementor-tab-title-7253\"><p>Obwohl Br\u00fcgge selbst schon genug f\u00fcr mehrere Tage zu bieten hat, ist die kurze Entfernung zu anderen malerischen Zielen ein zus\u00e4tzlicher Grund, l\u00e4nger zu bleiben. Nur eine halbe Stunde entfernt liegt Knokke, eine beliebte K\u00fcstenstadt mit breiten Sandstr\u00e4nden, luxuri\u00f6sen Boutiquen und einer lebhaften Atmosph\u00e4re. Es ist der perfekte Ort, um sich nach ein paar Tagen St\u00e4dtetour am Meer zu entspannen. Knokke bietet auch ein wundersch\u00f6nes Naturschutzgebiet, Het Zwin, das ideal f\u00fcr Naturliebhaber ist.   <\/p>\n<p>Auch in der N\u00e4he von Br\u00fcgge liegt das charmante Damme, eine kleine Stadt, die f\u00fcr ihre malerische Sch\u00f6nheit und ihre reiche literarische Geschichte bekannt ist. Damme eignet sich perfekt f\u00fcr einen ruhigen Tagesausflug, bei dem Sie gem\u00fctliche Buchl\u00e4den entdecken, sch\u00f6ne Spazierg\u00e4nge entlang des Damme-Kanals machen und in einem der stimmungsvollen Restaurants k\u00f6stlich essen k\u00f6nnen. Damme ist leicht mit dem Fahrrad oder Boot von Br\u00fcgge aus zu erreichen, was das Erlebnis noch einzigartiger macht.  <\/p>\n<\/div>\n\t\t\t\t<\/div>\n\t\t\t\t\t\t\t\t<\/div>\n\t\t\t\t\t\t<\/div>\n\t\t\t\t<\/div>\n\t\t\t\t<\/div>\n\t\t\t\t<\/div>\n\t\t","protected":false},"excerpt":{"rendered":"<p>Br\u00fcgge Die Scone Ein unvergesslicher Aufenthalt zoveel moois Br\u00fcgge:Ein vollst\u00e4ndiger Aufenthalt Br\u00fcgge bietet alles, was Sie f\u00fcr einen unvergesslichen Aufenthalt ben\u00f6tigen. Der reiche historische Charakter der Stadt, kombiniert mit kulinarischen H\u00f6hepunkten wie Bier und Schokolade, macht sie zu einem idealen Reiseziel f\u00fcr Kultur- und Feinschmecker. Dar\u00fcber hinaus beherbergt die Stadt zahlreiche Museen, wie das Groeningemuseum [&hellip;]<\/p>\n","protected":false},"author":1,"featured_media":0,"parent":0,"menu_order":28,"comment_status":"closed","ping_status":"closed","template":"","meta":{"footnotes":""},"class_list":["post-2808","page","type-page","status-publish","hentry"],"_links":{"self":[{"href":"https:\/\/quay17.be\/de\/wp-json\/wp\/v2\/pages\/2808","targetHints":{"allow":["GET"]}}],"collection":[{"href":"https:\/\/quay17.be\/de\/wp-json\/wp\/v2\/pages"}],"about":[{"href":"https:\/\/quay17.be\/de\/wp-json\/wp\/v2\/types\/page"}],"author":[{"embeddable":true,"href":"https:\/\/quay17.be\/de\/wp-json\/wp\/v2\/users\/1"}],"replies":[{"embeddable":true,"href":"https:\/\/quay17.be\/de\/wp-json\/wp\/v2\/comments?post=2808"}],"version-history":[{"count":4,"href":"https:\/\/quay17.be\/de\/wp-json\/wp\/v2\/pages\/2808\/revisions"}],"predecessor-version":[{"id":3086,"href":"https:\/\/quay17.be\/de\/wp-json\/wp\/v2\/pages\/2808\/revisions\/3086"}],"wp:attachment":[{"href":"https:\/\/quay17.be\/de\/wp-json\/wp\/v2\/media?parent=2808"}],"curies":[{"name":"wp","href":"https:\/\/api.w.org\/{rel}","templated":true}]}}