{"id":3720,"date":"2024-09-21T11:11:02","date_gmt":"2024-09-21T09:11:02","guid":{"rendered":"https:\/\/quay17.be\/bar-terrasse\/"},"modified":"2025-02-20T17:33:01","modified_gmt":"2025-02-20T16:33:01","slug":"bar-terrasse","status":"publish","type":"page","link":"https:\/\/quay17.be\/de\/bar-terrasse\/","title":{"rendered":"Bar &amp; Terrasse"},"content":{"rendered":"\t\t<div data-elementor-type=\"wp-page\" data-elementor-id=\"3720\" class=\"elementor elementor-3720 elementor-712\" data-elementor-post-type=\"page\">\n\t\t\t\t\t\t<section class=\"elementor-section elementor-top-section elementor-element elementor-element-730cff5b elementor-section-height-min-height elementor-section-full_width elementor-section-items-bottom elementor-section-content-bottom elementor-section-height-default\" data-id=\"730cff5b\" data-element_type=\"section\" data-settings=\"{&quot;background_background&quot;:&quot;classic&quot;}\">\n\t\t\t\t\t\t\t<div class=\"elementor-background-overlay\"><\/div>\n\t\t\t\t\t\t\t<div class=\"elementor-container elementor-column-gap-no\">\n\t\t\t\t\t<div class=\"elementor-column elementor-col-100 elementor-top-column elementor-element elementor-element-1608d18f\" data-id=\"1608d18f\" data-element_type=\"column\">\n\t\t\t<div class=\"elementor-widget-wrap elementor-element-populated\">\n\t\t\t\t\t\t<section class=\"elementor-section elementor-inner-section elementor-element elementor-element-31bb4f90 elementor-section-boxed elementor-section-height-default elementor-section-height-default\" data-id=\"31bb4f90\" data-element_type=\"section\" data-settings=\"{&quot;background_background&quot;:&quot;classic&quot;}\">\n\t\t\t\t\t\t<div class=\"elementor-container elementor-column-gap-no\">\n\t\t\t\t\t<div class=\"elementor-column elementor-col-100 elementor-inner-column elementor-element elementor-element-45303ac9\" data-id=\"45303ac9\" data-element_type=\"column\">\n\t\t\t<div class=\"elementor-widget-wrap elementor-element-populated\">\n\t\t\t\t\t\t<div class=\"elementor-element elementor-element-3adc7d16 elementor-hidden-mobile elementor-widget elementor-widget-heading\" data-id=\"3adc7d16\" data-element_type=\"widget\" data-widget_type=\"heading.default\">\n\t\t\t\t<div class=\"elementor-widget-container\">\n\t\t\t\t\t<h1 class=\"elementor-heading-title elementor-size-default\">B&amp;B Quay17 - Bruges<\/h1>\t\t\t\t<\/div>\n\t\t\t\t<\/div>\n\t\t\t\t<div class=\"elementor-element elementor-element-6ac55edd elementor-widget__width-initial elementor-hidden-mobile elementor-widget elementor-widget-heading\" data-id=\"6ac55edd\" data-element_type=\"widget\" data-widget_type=\"heading.default\">\n\t\t\t\t<div class=\"elementor-widget-container\">\n\t\t\t\t\t<h1 class=\"elementor-heading-title elementor-size-default\">Stilvoll &amp; Gastfreundlich<\/h1>\t\t\t\t<\/div>\n\t\t\t\t<\/div>\n\t\t\t\t\t<\/div>\n\t\t<\/div>\n\t\t\t\t\t<\/div>\n\t\t<\/section>\n\t\t\t\t<section class=\"elementor-section elementor-inner-section elementor-element elementor-element-3f576ae elementor-section-boxed elementor-section-height-default elementor-section-height-default\" data-id=\"3f576ae\" data-element_type=\"section\" data-settings=\"{&quot;background_background&quot;:&quot;classic&quot;}\">\n\t\t\t\t\t\t<div class=\"elementor-container elementor-column-gap-no\">\n\t\t\t\t\t<div class=\"elementor-column elementor-col-100 elementor-inner-column elementor-element elementor-element-1ef02468\" data-id=\"1ef02468\" data-element_type=\"column\">\n\t\t\t<div class=\"elementor-widget-wrap elementor-element-populated\">\n\t\t\t\t\t\t<div class=\"elementor-element elementor-element-748e7d83 elementor-align-center elementor-widget elementor-widget-button\" data-id=\"748e7d83\" data-element_type=\"widget\" data-widget_type=\"button.default\">\n\t\t\t\t<div class=\"elementor-widget-container\">\n\t\t\t\t\t\t\t\t\t<div class=\"elementor-button-wrapper\">\n\t\t\t\t\t<a class=\"elementor-button elementor-button-link elementor-size-sm\" href=\"https:\/\/reservations.cubilis.eu\/quay-17-brugge?language=de-DE\">\n\t\t\t\t\t\t<span class=\"elementor-button-content-wrapper\">\n\t\t\t\t\t\t\t\t\t<span class=\"elementor-button-text\">Jetzt buchen<\/span>\n\t\t\t\t\t<\/span>\n\t\t\t\t\t<\/a>\n\t\t\t\t<\/div>\n\t\t\t\t\t\t\t\t<\/div>\n\t\t\t\t<\/div>\n\t\t\t\t\t<\/div>\n\t\t<\/div>\n\t\t\t\t\t<\/div>\n\t\t<\/section>\n\t\t\t\t\t<\/div>\n\t\t<\/div>\n\t\t\t\t\t<\/div>\n\t\t<\/section>\n\t\t\t\t<section class=\"elementor-section elementor-top-section elementor-element elementor-element-42023bab elementor-reverse-mobile elementor-section-boxed elementor-section-height-default elementor-section-height-default\" data-id=\"42023bab\" data-element_type=\"section\" id=\"bar-blok1\" data-settings=\"{&quot;background_background&quot;:&quot;classic&quot;}\">\n\t\t\t\t\t\t<div class=\"elementor-container elementor-column-gap-no\">\n\t\t\t\t\t<div class=\"elementor-column elementor-col-50 elementor-top-column elementor-element elementor-element-1e4c5582\" data-id=\"1e4c5582\" data-element_type=\"column\">\n\t\t\t<div class=\"elementor-widget-wrap elementor-element-populated\">\n\t\t\t\t\t\t<section class=\"elementor-section elementor-inner-section elementor-element elementor-element-66418b1a elementor-section-boxed elementor-section-height-default elementor-section-height-default\" data-id=\"66418b1a\" data-element_type=\"section\">\n\t\t\t\t\t\t<div class=\"elementor-container elementor-column-gap-default\">\n\t\t\t\t\t<div class=\"elementor-column elementor-col-50 elementor-inner-column elementor-element elementor-element-13bcef10\" data-id=\"13bcef10\" data-element_type=\"column\">\n\t\t\t<div class=\"elementor-widget-wrap elementor-element-populated\">\n\t\t\t\t\t\t<div class=\"elementor-element elementor-element-54eac9e2 elementor-widget elementor-widget-image\" data-id=\"54eac9e2\" data-element_type=\"widget\" data-widget_type=\"image.default\">\n\t\t\t\t<div class=\"elementor-widget-container\">\n\t\t\t\t\t\t\t\t\t\t\t\t\t\t\t\t<a href=\"https:\/\/quay17.be\/wp-content\/uploads\/2025\/02\/quay17_brugge_cafe-terras_7367.-opt.jpg\" data-elementor-open-lightbox=\"yes\" data-e-action-hash=\"#elementor-action%3Aaction%3Dlightbox%26settings%3DeyJpZCI6MzY3NSwidXJsIjoiaHR0cHM6XC9cL3F1YXkxNy5iZVwvd3AtY29udGVudFwvdXBsb2Fkc1wvMjAyNVwvMDJcL3F1YXkxN19icnVnZ2VfY2FmZS10ZXJyYXNfNzM2Ny4tb3B0LmpwZyJ9\">\n\t\t\t\t\t\t\t<img fetchpriority=\"high\" decoding=\"async\" width=\"800\" height=\"517\" src=\"https:\/\/quay17.be\/wp-content\/uploads\/2025\/02\/quay17_brugge_cafe-terras_7367.-opt-1024x662.jpg\" class=\"attachment-large size-large wp-image-3675\" alt=\"\" srcset=\"https:\/\/quay17.be\/wp-content\/uploads\/2025\/02\/quay17_brugge_cafe-terras_7367.-opt-1024x662.jpg 1024w, https:\/\/quay17.be\/wp-content\/uploads\/2025\/02\/quay17_brugge_cafe-terras_7367.-opt-300x194.jpg 300w, https:\/\/quay17.be\/wp-content\/uploads\/2025\/02\/quay17_brugge_cafe-terras_7367.-opt-768x497.jpg 768w, https:\/\/quay17.be\/wp-content\/uploads\/2025\/02\/quay17_brugge_cafe-terras_7367.-opt.jpg 1141w\" sizes=\"(max-width: 800px) 100vw, 800px\" \/>\t\t\t\t\t\t\t\t<\/a>\n\t\t\t\t\t\t\t\t\t\t\t\t\t\t\t<\/div>\n\t\t\t\t<\/div>\n\t\t\t\t\t<\/div>\n\t\t<\/div>\n\t\t\t\t<div class=\"elementor-column elementor-col-50 elementor-inner-column elementor-element elementor-element-1a29d105\" data-id=\"1a29d105\" data-element_type=\"column\">\n\t\t\t<div class=\"elementor-widget-wrap elementor-element-populated\">\n\t\t\t\t\t\t<div class=\"elementor-element elementor-element-ac06d75 elementor-widget elementor-widget-image\" data-id=\"ac06d75\" data-element_type=\"widget\" data-widget_type=\"image.default\">\n\t\t\t\t<div class=\"elementor-widget-container\">\n\t\t\t\t\t\t\t\t\t\t\t\t\t\t\t\t<a href=\"https:\/\/quay17.be\/wp-content\/uploads\/2025\/02\/quay17_brugge_cafe-terras__7333-opt.jpg\" data-elementor-open-lightbox=\"yes\" data-e-action-hash=\"#elementor-action%3Aaction%3Dlightbox%26settings%3DeyJpZCI6MzY1OSwidXJsIjoiaHR0cHM6XC9cL3F1YXkxNy5iZVwvd3AtY29udGVudFwvdXBsb2Fkc1wvMjAyNVwvMDJcL3F1YXkxN19icnVnZ2VfY2FmZS10ZXJyYXNfXzczMzMtb3B0LmpwZyJ9\">\n\t\t\t\t\t\t\t<img decoding=\"async\" width=\"800\" height=\"517\" src=\"https:\/\/quay17.be\/wp-content\/uploads\/2025\/02\/quay17_brugge_cafe-terras__7333-opt-1024x662.jpg\" class=\"attachment-large size-large wp-image-3659\" alt=\"\" srcset=\"https:\/\/quay17.be\/wp-content\/uploads\/2025\/02\/quay17_brugge_cafe-terras__7333-opt-1024x662.jpg 1024w, https:\/\/quay17.be\/wp-content\/uploads\/2025\/02\/quay17_brugge_cafe-terras__7333-opt-300x194.jpg 300w, https:\/\/quay17.be\/wp-content\/uploads\/2025\/02\/quay17_brugge_cafe-terras__7333-opt-768x497.jpg 768w, https:\/\/quay17.be\/wp-content\/uploads\/2025\/02\/quay17_brugge_cafe-terras__7333-opt.jpg 1141w\" sizes=\"(max-width: 800px) 100vw, 800px\" \/>\t\t\t\t\t\t\t\t<\/a>\n\t\t\t\t\t\t\t\t\t\t\t\t\t\t\t<\/div>\n\t\t\t\t<\/div>\n\t\t\t\t\t<\/div>\n\t\t<\/div>\n\t\t\t\t\t<\/div>\n\t\t<\/section>\n\t\t\t\t<section class=\"elementor-section elementor-inner-section elementor-element elementor-element-4866d41e elementor-section-boxed elementor-section-height-default elementor-section-height-default\" data-id=\"4866d41e\" data-element_type=\"section\">\n\t\t\t\t\t\t<div class=\"elementor-container elementor-column-gap-default\">\n\t\t\t\t\t<div class=\"elementor-column elementor-col-50 elementor-inner-column elementor-element elementor-element-24d17d6d\" data-id=\"24d17d6d\" data-element_type=\"column\">\n\t\t\t<div class=\"elementor-widget-wrap elementor-element-populated\">\n\t\t\t\t\t\t<div class=\"elementor-element elementor-element-67b512de elementor-widget elementor-widget-image\" data-id=\"67b512de\" data-element_type=\"widget\" data-widget_type=\"image.default\">\n\t\t\t\t<div class=\"elementor-widget-container\">\n\t\t\t\t\t\t\t\t\t\t\t\t\t\t\t\t<a href=\"https:\/\/quay17.be\/wp-content\/uploads\/2025\/02\/quay17_brugge_cafe-terras__7474-opt.jpg\" data-elementor-open-lightbox=\"yes\" data-e-action-hash=\"#elementor-action%3Aaction%3Dlightbox%26settings%3DeyJpZCI6MzY2NywidXJsIjoiaHR0cHM6XC9cL3F1YXkxNy5iZVwvd3AtY29udGVudFwvdXBsb2Fkc1wvMjAyNVwvMDJcL3F1YXkxN19icnVnZ2VfY2FmZS10ZXJyYXNfXzc0NzQtb3B0LmpwZyJ9\">\n\t\t\t\t\t\t\t<img decoding=\"async\" width=\"800\" height=\"517\" src=\"https:\/\/quay17.be\/wp-content\/uploads\/2025\/02\/quay17_brugge_cafe-terras__7474-opt-1024x662.jpg\" class=\"attachment-large size-large wp-image-3667\" alt=\"\" srcset=\"https:\/\/quay17.be\/wp-content\/uploads\/2025\/02\/quay17_brugge_cafe-terras__7474-opt-1024x662.jpg 1024w, https:\/\/quay17.be\/wp-content\/uploads\/2025\/02\/quay17_brugge_cafe-terras__7474-opt-300x194.jpg 300w, https:\/\/quay17.be\/wp-content\/uploads\/2025\/02\/quay17_brugge_cafe-terras__7474-opt-768x497.jpg 768w, https:\/\/quay17.be\/wp-content\/uploads\/2025\/02\/quay17_brugge_cafe-terras__7474-opt.jpg 1141w\" sizes=\"(max-width: 800px) 100vw, 800px\" \/>\t\t\t\t\t\t\t\t<\/a>\n\t\t\t\t\t\t\t\t\t\t\t\t\t\t\t<\/div>\n\t\t\t\t<\/div>\n\t\t\t\t\t<\/div>\n\t\t<\/div>\n\t\t\t\t<div class=\"elementor-column elementor-col-50 elementor-inner-column elementor-element elementor-element-b497d45\" data-id=\"b497d45\" data-element_type=\"column\">\n\t\t\t<div class=\"elementor-widget-wrap elementor-element-populated\">\n\t\t\t\t\t\t<div class=\"elementor-element elementor-element-7c12aaf6 elementor-widget elementor-widget-image\" data-id=\"7c12aaf6\" data-element_type=\"widget\" data-widget_type=\"image.default\">\n\t\t\t\t<div class=\"elementor-widget-container\">\n\t\t\t\t\t\t\t\t\t\t\t\t\t\t\t\t<a href=\"https:\/\/quay17.be\/wp-content\/uploads\/2025\/02\/quay17_brugge_cafe-terras_7456-opt.jpg\" data-elementor-open-lightbox=\"yes\" data-e-action-hash=\"#elementor-action%3Aaction%3Dlightbox%26settings%3DeyJpZCI6MzY2MywidXJsIjoiaHR0cHM6XC9cL3F1YXkxNy5iZVwvd3AtY29udGVudFwvdXBsb2Fkc1wvMjAyNVwvMDJcL3F1YXkxN19icnVnZ2VfY2FmZS10ZXJyYXNfNzQ1Ni1vcHQuanBnIn0%3D\">\n\t\t\t\t\t\t\t<img loading=\"lazy\" decoding=\"async\" width=\"800\" height=\"517\" src=\"https:\/\/quay17.be\/wp-content\/uploads\/2025\/02\/quay17_brugge_cafe-terras_7456-opt-1024x662.jpg\" class=\"attachment-large size-large wp-image-3663\" alt=\"\" srcset=\"https:\/\/quay17.be\/wp-content\/uploads\/2025\/02\/quay17_brugge_cafe-terras_7456-opt-1024x662.jpg 1024w, https:\/\/quay17.be\/wp-content\/uploads\/2025\/02\/quay17_brugge_cafe-terras_7456-opt-300x194.jpg 300w, https:\/\/quay17.be\/wp-content\/uploads\/2025\/02\/quay17_brugge_cafe-terras_7456-opt-768x497.jpg 768w, https:\/\/quay17.be\/wp-content\/uploads\/2025\/02\/quay17_brugge_cafe-terras_7456-opt.jpg 1141w\" sizes=\"(max-width: 800px) 100vw, 800px\" \/>\t\t\t\t\t\t\t\t<\/a>\n\t\t\t\t\t\t\t\t\t\t\t\t\t\t\t<\/div>\n\t\t\t\t<\/div>\n\t\t\t\t\t<\/div>\n\t\t<\/div>\n\t\t\t\t\t<\/div>\n\t\t<\/section>\n\t\t\t\t\t<\/div>\n\t\t<\/div>\n\t\t\t\t<div class=\"elementor-column elementor-col-50 elementor-top-column elementor-element elementor-element-4762f6d\" data-id=\"4762f6d\" data-element_type=\"column\">\n\t\t\t<div class=\"elementor-widget-wrap elementor-element-populated\">\n\t\t\t\t\t\t<div class=\"elementor-element elementor-element-2f40095f elementor-widget elementor-widget-text-editor\" data-id=\"2f40095f\" data-element_type=\"widget\" data-widget_type=\"text-editor.default\">\n\t\t\t\t<div class=\"elementor-widget-container\">\n\t\t\t\t\t\t\t\t\t<p>Feine Getr\u00e4nke<\/p>\n\t\t\t\t\t\t\t\t<\/div>\n\t\t\t\t<\/div>\n\t\t\t\t<div class=\"elementor-element elementor-element-226acbaa elementor-widget elementor-widget-heading\" data-id=\"226acbaa\" data-element_type=\"widget\" data-widget_type=\"heading.default\">\n\t\t\t\t<div class=\"elementor-widget-container\">\n\t\t\t\t\t<h1 class=\"elementor-heading-title elementor-size-default\">Ein zeitloses Erlebnis<\/h1>\t\t\t\t<\/div>\n\t\t\t\t<\/div>\n\t\t\t\t<div class=\"elementor-element elementor-element-68768dfc elementor-widget elementor-widget-text-editor\" data-id=\"68768dfc\" data-element_type=\"widget\" data-widget_type=\"text-editor.default\">\n\t\t\t\t<div class=\"elementor-widget-container\">\n\t\t\t\t\t\t\t\t\t<p class=\"p1\">Lass dich von der warmen Atmosph\u00e4re unseres traditionellen Brauhauses verzaubern, wo Gem\u00fctlichkeit und Charakter aufeinandertreffen. Genie\u00dfe unser exklusives Hausbier, mit Sorgfalt gebraut f\u00fcr ein einzigartiges Geschmackserlebnis. Entdecke zudem die Ruhe unseres wundersch\u00f6nen Wintergartens \u2013 eine Oase des Komforts und der Eleganz, in der du in aller Gelassenheit ein k\u00f6stliches Getr\u00e4nk genie\u00dfen kannst.  <\/p>\n\t\t\t\t\t\t\t\t<\/div>\n\t\t\t\t<\/div>\n\t\t\t\t\t<\/div>\n\t\t<\/div>\n\t\t\t\t\t<\/div>\n\t\t<\/section>\n\t\t\t\t<section class=\"elementor-section elementor-top-section elementor-element elementor-element-e1c011d elementor-section-boxed elementor-section-height-default elementor-section-height-default\" data-id=\"e1c011d\" data-element_type=\"section\" data-settings=\"{&quot;background_background&quot;:&quot;classic&quot;}\">\n\t\t\t\t\t\t<div class=\"elementor-container elementor-column-gap-no\">\n\t\t\t\t\t<div class=\"elementor-column elementor-col-100 elementor-top-column elementor-element elementor-element-13fa5156\" data-id=\"13fa5156\" data-element_type=\"column\">\n\t\t\t<div class=\"elementor-widget-wrap elementor-element-populated\">\n\t\t\t\t\t\t<section class=\"elementor-section elementor-inner-section elementor-element elementor-element-b8e8177 elementor-section-boxed elementor-section-height-default elementor-section-height-default\" data-id=\"b8e8177\" data-element_type=\"section\" data-settings=\"{&quot;background_background&quot;:&quot;classic&quot;}\">\n\t\t\t\t\t\t<div class=\"elementor-container elementor-column-gap-no\">\n\t\t\t\t\t<div class=\"elementor-column elementor-col-50 elementor-inner-column elementor-element elementor-element-7343da8d\" data-id=\"7343da8d\" data-element_type=\"column\">\n\t\t\t<div class=\"elementor-widget-wrap elementor-element-populated\">\n\t\t\t\t\t\t<div class=\"elementor-element elementor-element-d4ff203 elementor-hidden-mobile elementor-widget elementor-widget-text-editor\" data-id=\"d4ff203\" data-element_type=\"widget\" data-widget_type=\"text-editor.default\">\n\t\t\t\t<div class=\"elementor-widget-container\">\n\t\t\t\t\t\t\t\t\t<p>Entspannte Atmosph\u00e4re<\/p>\n\t\t\t\t\t\t\t\t<\/div>\n\t\t\t\t<\/div>\n\t\t\t\t<div class=\"elementor-element elementor-element-34f2dd35 elementor-widget elementor-widget-heading\" data-id=\"34f2dd35\" data-element_type=\"widget\" data-widget_type=\"heading.default\">\n\t\t\t\t<div class=\"elementor-widget-container\">\n\t\t\t\t\t<h1 class=\"elementor-heading-title elementor-size-default\">Genie\u00dfen Sie auf der Terrasse<\/h1>\t\t\t\t<\/div>\n\t\t\t\t<\/div>\n\t\t\t\t<div class=\"elementor-element elementor-element-55f92525 elementor-widget elementor-widget-text-editor\" data-id=\"55f92525\" data-element_type=\"widget\" data-widget_type=\"text-editor.default\">\n\t\t\t\t<div class=\"elementor-widget-container\">\n\t\t\t\t\t\t\t\t\t<p class=\"p1\">Bei sch\u00f6nem Wetter l\u00e4dt unsere stimmungsvolle Terrasse dazu ein, sich mit einem k\u00f6stlichen Getr\u00e4nk zu entspannen \u2013 perfekt nach einem Tag voller Entdeckungen im Herzen von Br\u00fcgge. Dank unseres pers\u00f6nlichen Services und ma\u00dfgeschneiderter Annehmlichkeiten erlebst du einen unvergesslichen Aufenthalt, in dem der Charme der Stadt nahtlos mit modernem Komfort verschmilzt. <\/p>\n\t\t\t\t\t\t\t\t<\/div>\n\t\t\t\t<\/div>\n\t\t\t\t\t<\/div>\n\t\t<\/div>\n\t\t\t\t<div class=\"elementor-column elementor-col-50 elementor-inner-column elementor-element elementor-element-404efc87\" data-id=\"404efc87\" data-element_type=\"column\" data-settings=\"{&quot;background_background&quot;:&quot;classic&quot;}\">\n\t\t\t<div class=\"elementor-widget-wrap elementor-element-populated\">\n\t\t\t\t\t\t<div class=\"elementor-element elementor-element-b90f3cb elementor--h-position-center elementor--v-position-middle elementor-arrows-position-inside elementor-pagination-position-inside elementor-widget elementor-widget-slides\" data-id=\"b90f3cb\" data-element_type=\"widget\" data-settings=\"{&quot;navigation&quot;:&quot;both&quot;,&quot;autoplay&quot;:&quot;yes&quot;,&quot;pause_on_hover&quot;:&quot;yes&quot;,&quot;pause_on_interaction&quot;:&quot;yes&quot;,&quot;autoplay_speed&quot;:5000,&quot;infinite&quot;:&quot;yes&quot;,&quot;transition&quot;:&quot;slide&quot;,&quot;transition_speed&quot;:500}\" data-widget_type=\"slides.default\">\n\t\t\t\t<div class=\"elementor-widget-container\">\n\t\t\t\t\t\t\t\t\t<div class=\"elementor-swiper\">\n\t\t\t\t\t<div class=\"elementor-slides-wrapper elementor-main-swiper swiper\" role=\"region\" aria-roledescription=\"carousel\" aria-label=\"Slides\" dir=\"ltr\" data-animation=\"fadeInUp\">\n\t\t\t\t<div class=\"swiper-wrapper elementor-slides\">\n\t\t\t\t\t\t\t\t\t\t<div class=\"elementor-repeater-item-11e7e68 swiper-slide\" role=\"group\" aria-roledescription=\"slide\"><div class=\"swiper-slide-bg\" role=\"img\" aria-label=\"quay17_brugge-ontbijt-9613-opt\"><\/div><div class=\"swiper-slide-inner\" ><div class=\"swiper-slide-contents\"><\/div><\/div><\/div><div class=\"elementor-repeater-item-f8804a2 swiper-slide\" role=\"group\" aria-roledescription=\"slide\"><div class=\"swiper-slide-bg\" role=\"img\" aria-label=\"quay17_brugge-terras-7497-opt\"><\/div><div class=\"swiper-slide-inner\" ><div class=\"swiper-slide-contents\"><\/div><\/div><\/div>\t\t\t\t<\/div>\n\t\t\t\t\t\t\t\t\t\t\t\t\t\t\t<div class=\"elementor-swiper-button elementor-swiper-button-prev\" role=\"button\" tabindex=\"0\" aria-label=\"Vorheriger Slide\">\n\t\t\t\t\t\t\t<svg aria-hidden=\"true\" class=\"e-font-icon-svg e-eicon-chevron-left\" viewBox=\"0 0 1000 1000\" xmlns=\"http:\/\/www.w3.org\/2000\/svg\"><path d=\"M646 125C629 125 613 133 604 142L308 442C296 454 292 471 292 487 292 504 296 521 308 533L604 854C617 867 629 875 646 875 663 875 679 871 692 858 704 846 713 829 713 812 713 796 708 779 692 767L438 487 692 225C700 217 708 204 708 187 708 171 704 154 692 142 675 129 663 125 646 125Z\"><\/path><\/svg>\t\t\t\t\t\t<\/div>\n\t\t\t\t\t\t<div class=\"elementor-swiper-button elementor-swiper-button-next\" role=\"button\" tabindex=\"0\" aria-label=\"N\u00e4chster Slide\">\n\t\t\t\t\t\t\t<svg aria-hidden=\"true\" class=\"e-font-icon-svg e-eicon-chevron-right\" viewBox=\"0 0 1000 1000\" xmlns=\"http:\/\/www.w3.org\/2000\/svg\"><path d=\"M696 533C708 521 713 504 713 487 713 471 708 454 696 446L400 146C388 133 375 125 354 125 338 125 325 129 313 142 300 154 292 171 292 187 292 204 296 221 308 233L563 492 304 771C292 783 288 800 288 817 288 833 296 850 308 863 321 871 338 875 354 875 371 875 388 867 400 854L696 533Z\"><\/path><\/svg>\t\t\t\t\t\t<\/div>\n\t\t\t\t\t\t\t\t\t\t\t\t\t\t\t\t<div class=\"swiper-pagination\"><\/div>\n\t\t\t\t\t\t\t\t\t\t\t\t<\/div>\n\t\t\t\t<\/div>\n\t\t\t\t\t\t\t\t<\/div>\n\t\t\t\t<\/div>\n\t\t\t\t\t<\/div>\n\t\t<\/div>\n\t\t\t\t\t<\/div>\n\t\t<\/section>\n\t\t\t\t\t<\/div>\n\t\t<\/div>\n\t\t\t\t\t<\/div>\n\t\t<\/section>\n\t\t\t\t<\/div>\n\t\t","protected":false},"excerpt":{"rendered":"<p>B&amp;B Quay17 &#8211; Bruges Stilvoll &amp; Gastfreundlich Jetzt buchen Feine Getr\u00e4nke Ein zeitloses Erlebnis Lass dich von der warmen Atmosph\u00e4re unseres traditionellen Brauhauses verzaubern, wo Gem\u00fctlichkeit und Charakter aufeinandertreffen. Genie\u00dfe unser exklusives Hausbier, mit Sorgfalt gebraut f\u00fcr ein einzigartiges Geschmackserlebnis. Entdecke zudem die Ruhe unseres wundersch\u00f6nen Wintergartens \u2013 eine Oase des Komforts und der Eleganz, [&hellip;]<\/p>\n","protected":false},"author":1,"featured_media":0,"parent":0,"menu_order":23,"comment_status":"closed","ping_status":"closed","template":"","meta":{"footnotes":""},"class_list":["post-3720","page","type-page","status-publish","hentry"],"_links":{"self":[{"href":"https:\/\/quay17.be\/de\/wp-json\/wp\/v2\/pages\/3720","targetHints":{"allow":["GET"]}}],"collection":[{"href":"https:\/\/quay17.be\/de\/wp-json\/wp\/v2\/pages"}],"about":[{"href":"https:\/\/quay17.be\/de\/wp-json\/wp\/v2\/types\/page"}],"author":[{"embeddable":true,"href":"https:\/\/quay17.be\/de\/wp-json\/wp\/v2\/users\/1"}],"replies":[{"embeddable":true,"href":"https:\/\/quay17.be\/de\/wp-json\/wp\/v2\/comments?post=3720"}],"version-history":[{"count":4,"href":"https:\/\/quay17.be\/de\/wp-json\/wp\/v2\/pages\/3720\/revisions"}],"predecessor-version":[{"id":3747,"href":"https:\/\/quay17.be\/de\/wp-json\/wp\/v2\/pages\/3720\/revisions\/3747"}],"wp:attachment":[{"href":"https:\/\/quay17.be\/de\/wp-json\/wp\/v2\/media?parent=3720"}],"curies":[{"name":"wp","href":"https:\/\/api.w.org\/{rel}","templated":true}]}}