{"id":2775,"date":"2024-09-18T11:30:39","date_gmt":"2024-09-18T09:30:39","guid":{"rendered":"https:\/\/quay17.be\/petit-dejeuner\/"},"modified":"2024-10-09T21:12:13","modified_gmt":"2024-10-09T19:12:13","slug":"petit-dejeuner","status":"publish","type":"page","link":"https:\/\/quay17.be\/fr\/petit-dejeuner\/","title":{"rendered":"Petit-d\u00e9jeuner"},"content":{"rendered":"\t\t<div data-elementor-type=\"wp-page\" data-elementor-id=\"2775\" class=\"elementor elementor-2775 elementor-22\" data-elementor-post-type=\"page\">\n\t\t\t\t\t\t<section class=\"elementor-section elementor-top-section elementor-element elementor-element-4256d28d elementor-section-height-min-height elementor-section-full_width elementor-section-items-top elementor-section-content-top elementor-section-height-default\" data-id=\"4256d28d\" data-element_type=\"section\" data-settings=\"{&quot;background_background&quot;:&quot;classic&quot;}\">\n\t\t\t\t\t\t\t<div class=\"elementor-background-overlay\"><\/div>\n\t\t\t\t\t\t\t<div class=\"elementor-container elementor-column-gap-no\">\n\t\t\t\t\t<div class=\"elementor-column elementor-col-100 elementor-top-column elementor-element elementor-element-3dbdcb48\" data-id=\"3dbdcb48\" data-element_type=\"column\">\n\t\t\t<div class=\"elementor-widget-wrap elementor-element-populated\">\n\t\t\t\t\t\t<section class=\"elementor-section elementor-inner-section elementor-element elementor-element-1a0104a4 elementor-section-boxed elementor-section-height-default elementor-section-height-default\" data-id=\"1a0104a4\" data-element_type=\"section\" data-settings=\"{&quot;background_background&quot;:&quot;classic&quot;}\">\n\t\t\t\t\t\t<div class=\"elementor-container elementor-column-gap-no\">\n\t\t\t\t\t<div class=\"elementor-column elementor-col-100 elementor-inner-column elementor-element elementor-element-556be73\" data-id=\"556be73\" data-element_type=\"column\">\n\t\t\t<div class=\"elementor-widget-wrap elementor-element-populated\">\n\t\t\t\t\t\t<div class=\"elementor-element elementor-element-7d7585f2 elementor-hidden-mobile elementor-widget elementor-widget-heading\" data-id=\"7d7585f2\" data-element_type=\"widget\" data-widget_type=\"heading.default\">\n\t\t\t\t<div class=\"elementor-widget-container\">\n\t\t\t\t\t<h1 class=\"elementor-heading-title elementor-size-default\">Petit-d\u00e9jeuner avec style<\/h1>\t\t\t\t<\/div>\n\t\t\t\t<\/div>\n\t\t\t\t<div class=\"elementor-element elementor-element-39361ebd elementor-widget__width-initial elementor-hidden-mobile elementor-widget elementor-widget-heading\" data-id=\"39361ebd\" data-element_type=\"widget\" data-widget_type=\"heading.default\">\n\t\t\t\t<div class=\"elementor-widget-container\">\n\t\t\t\t\t<h1 class=\"elementor-heading-title elementor-size-default\">Plein de gourmandise<\/h1>\t\t\t\t<\/div>\n\t\t\t\t<\/div>\n\t\t\t\t\t<\/div>\n\t\t<\/div>\n\t\t\t\t\t<\/div>\n\t\t<\/section>\n\t\t\t\t\t<\/div>\n\t\t<\/div>\n\t\t\t\t\t<\/div>\n\t\t<\/section>\n\t\t\t\t<section class=\"elementor-section elementor-top-section elementor-element elementor-element-19df55c elementor-section-boxed elementor-section-height-default elementor-section-height-default\" data-id=\"19df55c\" data-element_type=\"section\" id=\"restaurant-blok1\" data-settings=\"{&quot;background_background&quot;:&quot;classic&quot;}\">\n\t\t\t\t\t\t<div class=\"elementor-container elementor-column-gap-no\">\n\t\t\t\t\t<div class=\"elementor-column elementor-col-100 elementor-top-column elementor-element elementor-element-49099abc\" data-id=\"49099abc\" data-element_type=\"column\">\n\t\t\t<div class=\"elementor-widget-wrap elementor-element-populated\">\n\t\t\t\t\t\t<section class=\"elementor-section elementor-inner-section elementor-element elementor-element-7f2bb925 elementor-section-boxed elementor-section-height-default elementor-section-height-default\" data-id=\"7f2bb925\" data-element_type=\"section\" data-settings=\"{&quot;background_background&quot;:&quot;classic&quot;}\">\n\t\t\t\t\t\t<div class=\"elementor-container elementor-column-gap-no\">\n\t\t\t\t\t<div class=\"elementor-column elementor-col-100 elementor-inner-column elementor-element elementor-element-14a07f0a\" data-id=\"14a07f0a\" data-element_type=\"column\">\n\t\t\t<div class=\"elementor-widget-wrap elementor-element-populated\">\n\t\t\t\t\t\t<div class=\"elementor-element elementor-element-4e716aa1 elementor-hidden-mobile elementor-widget elementor-widget-text-editor\" data-id=\"4e716aa1\" data-element_type=\"widget\" data-widget_type=\"text-editor.default\">\n\t\t\t\t<div class=\"elementor-widget-container\">\n\t\t\t\t\t\t\t\t\t<p>Petit-d\u00e9jeuner raffin\u00e9<\/p>\n\t\t\t\t\t\t\t\t<\/div>\n\t\t\t\t<\/div>\n\t\t\t\t<div class=\"elementor-element elementor-element-21f7aba7 elementor-widget elementor-widget-heading\" data-id=\"21f7aba7\" data-element_type=\"widget\" data-widget_type=\"heading.default\">\n\t\t\t\t<div class=\"elementor-widget-container\">\n\t\t\t\t\t<h1 class=\"elementor-heading-title elementor-size-default\">Pr\u00eat pour une belle journ\u00e9e<\/h1>\t\t\t\t<\/div>\n\t\t\t\t<\/div>\n\t\t\t\t\t<\/div>\n\t\t<\/div>\n\t\t\t\t\t<\/div>\n\t\t<\/section>\n\t\t\t\t<section class=\"elementor-section elementor-inner-section elementor-element elementor-element-2f2ffcf3 elementor-section-boxed elementor-section-height-default elementor-section-height-default\" data-id=\"2f2ffcf3\" data-element_type=\"section\" data-settings=\"{&quot;background_background&quot;:&quot;classic&quot;}\">\n\t\t\t\t\t\t<div class=\"elementor-container elementor-column-gap-no\">\n\t\t\t\t\t<div class=\"elementor-column elementor-col-100 elementor-inner-column elementor-element elementor-element-60a691f3\" data-id=\"60a691f3\" data-element_type=\"column\">\n\t\t\t<div class=\"elementor-widget-wrap elementor-element-populated\">\n\t\t\t\t\t\t<div class=\"elementor-element elementor-element-1a7c9fbb elementor-widget elementor-widget-text-editor\" data-id=\"1a7c9fbb\" data-element_type=\"widget\" data-widget_type=\"text-editor.default\">\n\t\t\t\t<div class=\"elementor-widget-container\">\n\t\t\t\t\t\t\t\t\t<p>Commencez bien votre journ\u00e9e avec notre petit-d\u00e9jeuner sain, rempli d\u2019ingr\u00e9dients frais et nutritifs. Profitez d\u2019une s\u00e9lection vari\u00e9e sous forme de buffet avec des fruits, c\u00e9r\u00e9ales, yaourts, fromages, charcuterie et produits complets, soigneusement pr\u00e9par\u00e9s pour vous apporter \u00e9nergie et vitalit\u00e9. De plus, vous pouvez savourer des plats chauds \u00e0 la carte selon vos envies. Un d\u00e9but de journ\u00e9e d\u00e9licieux, l\u00e9ger et \u00e9quilibr\u00e9, pour vous sentir bien toute la journ\u00e9e.   <\/p>\n\t\t\t\t\t\t\t\t<\/div>\n\t\t\t\t<\/div>\n\t\t\t\t\t<\/div>\n\t\t<\/div>\n\t\t\t\t\t<\/div>\n\t\t<\/section>\n\t\t\t\t\t<\/div>\n\t\t<\/div>\n\t\t\t\t\t<\/div>\n\t\t<\/section>\n\t\t\t\t<section class=\"elementor-section elementor-top-section elementor-element elementor-element-4ba512e elementor-section-boxed elementor-section-height-default elementor-section-height-default\" data-id=\"4ba512e\" data-element_type=\"section\" data-settings=\"{&quot;background_background&quot;:&quot;classic&quot;}\">\n\t\t\t\t\t\t<div class=\"elementor-container elementor-column-gap-no\">\n\t\t\t\t\t<div class=\"elementor-column elementor-col-100 elementor-top-column elementor-element elementor-element-6a06c19\" data-id=\"6a06c19\" data-element_type=\"column\">\n\t\t\t<div class=\"elementor-widget-wrap elementor-element-populated\">\n\t\t\t\t\t\t<section class=\"elementor-section elementor-inner-section elementor-element elementor-element-8dfe034 elementor-section-boxed elementor-section-height-default elementor-section-height-default\" data-id=\"8dfe034\" data-element_type=\"section\" data-settings=\"{&quot;background_background&quot;:&quot;classic&quot;}\">\n\t\t\t\t\t\t<div class=\"elementor-container elementor-column-gap-no\">\n\t\t\t\t\t<div class=\"elementor-column elementor-col-50 elementor-inner-column elementor-element elementor-element-6193d53\" data-id=\"6193d53\" data-element_type=\"column\">\n\t\t\t<div class=\"elementor-widget-wrap elementor-element-populated\">\n\t\t\t\t\t\t<div class=\"elementor-element elementor-element-722faca elementor-widget elementor-widget-text-editor\" data-id=\"722faca\" data-element_type=\"widget\" data-widget_type=\"text-editor.default\">\n\t\t\t\t<div class=\"elementor-widget-container\">\n\t\t\t\t\t\t\t\t\t<p>Frais et sain<\/p>\n\t\t\t\t\t\t\t\t<\/div>\n\t\t\t\t<\/div>\n\t\t\t\t<div class=\"elementor-element elementor-element-74c0d1d elementor-widget elementor-widget-heading\" data-id=\"74c0d1d\" data-element_type=\"widget\" data-widget_type=\"heading.default\">\n\t\t\t\t<div class=\"elementor-widget-container\">\n\t\t\t\t\t<h1 class=\"elementor-heading-title elementor-size-default\">Un d\u00e9part sain<\/h1>\t\t\t\t<\/div>\n\t\t\t\t<\/div>\n\t\t\t\t<div class=\"elementor-element elementor-element-9d6c00e elementor-widget__width-initial elementor-widget elementor-widget-text-editor\" data-id=\"9d6c00e\" data-element_type=\"widget\" data-widget_type=\"text-editor.default\">\n\t\t\t\t<div class=\"elementor-widget-container\">\n\t\t\t\t\t\t\t\t\t<p>Savourez des ingr\u00e9dients frais qui vous apportent un d\u00e9part rafra\u00eechissant et nourrissant. Offrez-vous un coup de pouce avec une s\u00e9lection vari\u00e9e, parfaite pour un style de vie actif. <\/p>\n\t\t\t\t\t\t\t\t<\/div>\n\t\t\t\t<\/div>\n\t\t\t\t\t<\/div>\n\t\t<\/div>\n\t\t\t\t<div class=\"elementor-column elementor-col-50 elementor-inner-column elementor-element elementor-element-f64212c\" data-id=\"f64212c\" data-element_type=\"column\">\n\t\t\t<div class=\"elementor-widget-wrap elementor-element-populated\">\n\t\t\t\t\t\t<div class=\"elementor-element elementor-element-eed096e elementor-widget elementor-widget-image\" data-id=\"eed096e\" data-element_type=\"widget\" data-widget_type=\"image.default\">\n\t\t\t\t<div class=\"elementor-widget-container\">\n\t\t\t\t\t\t\t\t\t\t\t\t\t\t\t<img fetchpriority=\"high\" decoding=\"async\" width=\"800\" height=\"448\" src=\"https:\/\/quay17.be\/wp-content\/uploads\/2024\/10\/quay17_brugge-ontbijt-croissants.jpg\" class=\"attachment-large size-large wp-image-2782\" alt=\"\" srcset=\"https:\/\/quay17.be\/wp-content\/uploads\/2024\/10\/quay17_brugge-ontbijt-croissants.jpg 900w, https:\/\/quay17.be\/wp-content\/uploads\/2024\/10\/quay17_brugge-ontbijt-croissants-300x168.jpg 300w, https:\/\/quay17.be\/wp-content\/uploads\/2024\/10\/quay17_brugge-ontbijt-croissants-768x430.jpg 768w\" sizes=\"(max-width: 800px) 100vw, 800px\" \/>\t\t\t\t\t\t\t\t\t\t\t\t\t\t\t<\/div>\n\t\t\t\t<\/div>\n\t\t\t\t\t<\/div>\n\t\t<\/div>\n\t\t\t\t\t<\/div>\n\t\t<\/section>\n\t\t\t\t\t<\/div>\n\t\t<\/div>\n\t\t\t\t\t<\/div>\n\t\t<\/section>\n\t\t\t\t<section class=\"elementor-section elementor-top-section elementor-element elementor-element-7046cb52 elementor-reverse-mobile elementor-section-boxed elementor-section-height-default elementor-section-height-default\" data-id=\"7046cb52\" data-element_type=\"section\" data-settings=\"{&quot;background_background&quot;:&quot;classic&quot;}\">\n\t\t\t\t\t\t<div class=\"elementor-container elementor-column-gap-no\">\n\t\t\t\t\t<div class=\"elementor-column elementor-col-50 elementor-top-column elementor-element elementor-element-64653f35\" data-id=\"64653f35\" data-element_type=\"column\">\n\t\t\t<div class=\"elementor-widget-wrap elementor-element-populated\">\n\t\t\t\t\t\t<section class=\"elementor-section elementor-inner-section elementor-element elementor-element-795c5ec1 elementor-section-boxed elementor-section-height-default elementor-section-height-default\" data-id=\"795c5ec1\" data-element_type=\"section\">\n\t\t\t\t\t\t<div class=\"elementor-container elementor-column-gap-default\">\n\t\t\t\t\t<div class=\"elementor-column elementor-col-100 elementor-inner-column elementor-element elementor-element-7cfa1ce9\" data-id=\"7cfa1ce9\" data-element_type=\"column\">\n\t\t\t<div class=\"elementor-widget-wrap elementor-element-populated\">\n\t\t\t\t\t\t<div class=\"elementor-element elementor-element-6891bbfc elementor-widget elementor-widget-image\" data-id=\"6891bbfc\" data-element_type=\"widget\" data-widget_type=\"image.default\">\n\t\t\t\t<div class=\"elementor-widget-container\">\n\t\t\t\t\t\t\t\t\t\t\t\t\t\t\t\t<a href=\"https:\/\/quay17.be\/wp-content\/uploads\/2024\/06\/hotel-spijker-beek-restaurant-gerecht-kop1.jpg\">\n\t\t\t\t\t\t\t<img decoding=\"async\" width=\"960\" height=\"520\" src=\"https:\/\/quay17.be\/wp-content\/uploads\/2024\/10\/quay17_brugge-ontbijt-9619.jpg\" class=\"attachment-1536x1536 size-1536x1536 wp-image-2779\" alt=\"\" srcset=\"https:\/\/quay17.be\/wp-content\/uploads\/2024\/10\/quay17_brugge-ontbijt-9619.jpg 960w, https:\/\/quay17.be\/wp-content\/uploads\/2024\/10\/quay17_brugge-ontbijt-9619-300x163.jpg 300w, https:\/\/quay17.be\/wp-content\/uploads\/2024\/10\/quay17_brugge-ontbijt-9619-768x416.jpg 768w\" sizes=\"(max-width: 960px) 100vw, 960px\" \/>\t\t\t\t\t\t\t\t<\/a>\n\t\t\t\t\t\t\t\t\t\t\t\t\t\t\t<\/div>\n\t\t\t\t<\/div>\n\t\t\t\t\t<\/div>\n\t\t<\/div>\n\t\t\t\t\t<\/div>\n\t\t<\/section>\n\t\t\t\t<section class=\"elementor-section elementor-inner-section elementor-element elementor-element-6ccf50da elementor-section-boxed elementor-section-height-default elementor-section-height-default\" data-id=\"6ccf50da\" data-element_type=\"section\">\n\t\t\t\t\t\t<div class=\"elementor-container elementor-column-gap-default\">\n\t\t\t\t\t<div class=\"elementor-column elementor-col-100 elementor-inner-column elementor-element elementor-element-4c1e7eb4\" data-id=\"4c1e7eb4\" data-element_type=\"column\">\n\t\t\t<div class=\"elementor-widget-wrap elementor-element-populated\">\n\t\t\t\t\t\t<div class=\"elementor-element elementor-element-362e1dc1 elementor-widget elementor-widget-image\" data-id=\"362e1dc1\" data-element_type=\"widget\" data-widget_type=\"image.default\">\n\t\t\t\t<div class=\"elementor-widget-container\">\n\t\t\t\t\t\t\t\t\t\t\t\t\t\t\t\t<a href=\"https:\/\/quay17.be\/wp-content\/uploads\/2024\/06\/hotel-spijker-beek-restaurant-gerecht-kop2.jpg\">\n\t\t\t\t\t\t\t<img decoding=\"async\" width=\"960\" height=\"520\" src=\"https:\/\/quay17.be\/wp-content\/uploads\/2024\/10\/quay17_brugge-ontbijt-9613.jpg\" class=\"attachment-1536x1536 size-1536x1536 wp-image-2781\" alt=\"\" srcset=\"https:\/\/quay17.be\/wp-content\/uploads\/2024\/10\/quay17_brugge-ontbijt-9613.jpg 960w, https:\/\/quay17.be\/wp-content\/uploads\/2024\/10\/quay17_brugge-ontbijt-9613-300x163.jpg 300w, https:\/\/quay17.be\/wp-content\/uploads\/2024\/10\/quay17_brugge-ontbijt-9613-768x416.jpg 768w\" sizes=\"(max-width: 960px) 100vw, 960px\" \/>\t\t\t\t\t\t\t\t<\/a>\n\t\t\t\t\t\t\t\t\t\t\t\t\t\t\t<\/div>\n\t\t\t\t<\/div>\n\t\t\t\t\t<\/div>\n\t\t<\/div>\n\t\t\t\t\t<\/div>\n\t\t<\/section>\n\t\t\t\t\t<\/div>\n\t\t<\/div>\n\t\t\t\t<div class=\"elementor-column elementor-col-50 elementor-top-column elementor-element elementor-element-160348ab\" data-id=\"160348ab\" data-element_type=\"column\">\n\t\t\t<div class=\"elementor-widget-wrap elementor-element-populated\">\n\t\t\t\t\t\t<div class=\"elementor-element elementor-element-303423e6 elementor-widget elementor-widget-text-editor\" data-id=\"303423e6\" data-element_type=\"widget\" data-widget_type=\"text-editor.default\">\n\t\t\t\t<div class=\"elementor-widget-container\">\n\t\t\t\t\t\t\t\t\t<p>Un moment petit-d\u00e9jeuner<\/p>\n\t\t\t\t\t\t\t\t<\/div>\n\t\t\t\t<\/div>\n\t\t\t\t<div class=\"elementor-element elementor-element-44d58456 elementor-widget elementor-widget-heading\" data-id=\"44d58456\" data-element_type=\"widget\" data-widget_type=\"heading.default\">\n\t\t\t\t<div class=\"elementor-widget-container\">\n\t\t\t\t\t<h1 class=\"elementor-heading-title elementor-size-default\">La salle \u00e0 manger ou le plein air<\/h1>\t\t\t\t<\/div>\n\t\t\t\t<\/div>\n\t\t\t\t<div class=\"elementor-element elementor-element-39ccd549 elementor-widget elementor-widget-text-editor\" data-id=\"39ccd549\" data-element_type=\"widget\" data-widget_type=\"text-editor.default\">\n\t\t\t\t<div class=\"elementor-widget-container\">\n\t\t\t\t\t\t\t\t\t<p>Nous servons chaque matin un d\u00e9licieux petit-d\u00e9jeuner dans notre belle salle \u00e0 manger, o\u00f9 vous pourrez profiter d\u2019une ambiance conviviale et d\u2019une vue magnifique. Mais si le temps le permet, nous vous invitons \u00e0 savourer votre petit-d\u00e9jeuner \u00e0 l\u2019ext\u00e9rieur sur notre terrasse ensoleill\u00e9e ! Profitez de l\u2019air frais, de la vue sur les canaux et d\u2019un moment de pure d\u00e9tente tout en vous r\u00e9galant avec nos d\u00e9lices savoureux. Le petit-d\u00e9jeuner n\u2019a jamais \u00e9t\u00e9 aussi agr\u00e9able !   <\/p>\n\t\t\t\t\t\t\t\t<\/div>\n\t\t\t\t<\/div>\n\t\t\t\t\t<\/div>\n\t\t<\/div>\n\t\t\t\t\t<\/div>\n\t\t<\/section>\n\t\t\t\t<\/div>\n\t\t","protected":false},"excerpt":{"rendered":"<p>Petit-d\u00e9jeuner avec style Plein de gourmandise Petit-d\u00e9jeuner raffin\u00e9 Pr\u00eat pour une belle journ\u00e9e Commencez bien votre journ\u00e9e avec notre petit-d\u00e9jeuner sain, rempli d\u2019ingr\u00e9dients frais et nutritifs. Profitez d\u2019une s\u00e9lection vari\u00e9e sous forme de buffet avec des fruits, c\u00e9r\u00e9ales, yaourts, fromages, charcuterie et produits complets, soigneusement pr\u00e9par\u00e9s pour vous apporter \u00e9nergie et vitalit\u00e9. De plus, vous [&hellip;]<\/p>\n","protected":false},"author":1,"featured_media":0,"parent":0,"menu_order":10,"comment_status":"closed","ping_status":"closed","template":"","meta":{"footnotes":""},"class_list":["post-2775","page","type-page","status-publish","hentry"],"_links":{"self":[{"href":"https:\/\/quay17.be\/fr\/wp-json\/wp\/v2\/pages\/2775","targetHints":{"allow":["GET"]}}],"collection":[{"href":"https:\/\/quay17.be\/fr\/wp-json\/wp\/v2\/pages"}],"about":[{"href":"https:\/\/quay17.be\/fr\/wp-json\/wp\/v2\/types\/page"}],"author":[{"embeddable":true,"href":"https:\/\/quay17.be\/fr\/wp-json\/wp\/v2\/users\/1"}],"replies":[{"embeddable":true,"href":"https:\/\/quay17.be\/fr\/wp-json\/wp\/v2\/comments?post=2775"}],"version-history":[{"count":4,"href":"https:\/\/quay17.be\/fr\/wp-json\/wp\/v2\/pages\/2775\/revisions"}],"predecessor-version":[{"id":3083,"href":"https:\/\/quay17.be\/fr\/wp-json\/wp\/v2\/pages\/2775\/revisions\/3083"}],"wp:attachment":[{"href":"https:\/\/quay17.be\/fr\/wp-json\/wp\/v2\/media?parent=2775"}],"curies":[{"name":"wp","href":"https:\/\/api.w.org\/{rel}","templated":true}]}}