{"id":2795,"date":"2024-09-21T16:00:28","date_gmt":"2024-09-21T14:00:28","guid":{"rendered":"https:\/\/quay17.be\/bruges\/"},"modified":"2024-10-09T21:10:32","modified_gmt":"2024-10-09T19:10:32","slug":"bruges","status":"publish","type":"page","link":"https:\/\/quay17.be\/fr\/bruges\/","title":{"rendered":"Bruges"},"content":{"rendered":"\t\t<div data-elementor-type=\"wp-page\" data-elementor-id=\"2795\" class=\"elementor elementor-2795 elementor-854\" data-elementor-post-type=\"page\">\n\t\t\t\t\t\t<section class=\"elementor-section elementor-top-section elementor-element elementor-element-1b4b8daa elementor-section-height-min-height elementor-section-full_width elementor-section-items-bottom elementor-section-content-bottom elementor-section-height-default\" data-id=\"1b4b8daa\" data-element_type=\"section\" data-settings=\"{&quot;background_background&quot;:&quot;classic&quot;}\">\n\t\t\t\t\t\t\t<div class=\"elementor-background-overlay\"><\/div>\n\t\t\t\t\t\t\t<div class=\"elementor-container elementor-column-gap-no\">\n\t\t\t\t\t<div class=\"elementor-column elementor-col-100 elementor-top-column elementor-element elementor-element-46478dcc\" data-id=\"46478dcc\" data-element_type=\"column\">\n\t\t\t<div class=\"elementor-widget-wrap elementor-element-populated\">\n\t\t\t\t\t\t<section class=\"elementor-section elementor-inner-section elementor-element elementor-element-27ad3ae7 elementor-section-boxed elementor-section-height-default elementor-section-height-default\" data-id=\"27ad3ae7\" data-element_type=\"section\" data-settings=\"{&quot;background_background&quot;:&quot;classic&quot;}\">\n\t\t\t\t\t\t<div class=\"elementor-container elementor-column-gap-no\">\n\t\t\t\t\t<div class=\"elementor-column elementor-col-100 elementor-inner-column elementor-element elementor-element-752905a8\" data-id=\"752905a8\" data-element_type=\"column\">\n\t\t\t<div class=\"elementor-widget-wrap elementor-element-populated\">\n\t\t\t\t\t\t<div class=\"elementor-element elementor-element-5189860d elementor-hidden-mobile elementor-widget elementor-widget-heading\" data-id=\"5189860d\" data-element_type=\"widget\" data-widget_type=\"heading.default\">\n\t\t\t\t<div class=\"elementor-widget-container\">\n\t\t\t\t\t<h1 class=\"elementor-heading-title elementor-size-default\">Bruges Die Scone<\/h1>\t\t\t\t<\/div>\n\t\t\t\t<\/div>\n\t\t\t\t<div class=\"elementor-element elementor-element-7d4f4b5f elementor-widget__width-initial elementor-hidden-mobile elementor-widget elementor-widget-heading\" data-id=\"7d4f4b5f\" data-element_type=\"widget\" data-widget_type=\"heading.default\">\n\t\t\t\t<div class=\"elementor-widget-container\">\n\t\t\t\t\t<h1 class=\"elementor-heading-title elementor-size-default\">Un s\u00e9jour inoubliable<\/h1>\t\t\t\t<\/div>\n\t\t\t\t<\/div>\n\t\t\t\t\t<\/div>\n\t\t<\/div>\n\t\t\t\t\t<\/div>\n\t\t<\/section>\n\t\t\t\t\t<\/div>\n\t\t<\/div>\n\t\t\t\t\t<\/div>\n\t\t<\/section>\n\t\t\t\t<section class=\"elementor-section elementor-top-section elementor-element elementor-element-4fda62e4 elementor-section-boxed elementor-section-height-default elementor-section-height-default\" data-id=\"4fda62e4\" data-element_type=\"section\" id=\"omgeving-blok1\" data-settings=\"{&quot;background_background&quot;:&quot;classic&quot;}\">\n\t\t\t\t\t\t<div class=\"elementor-container elementor-column-gap-no\">\n\t\t\t\t\t<div class=\"elementor-column elementor-col-100 elementor-top-column elementor-element elementor-element-23d09ea5\" data-id=\"23d09ea5\" data-element_type=\"column\">\n\t\t\t<div class=\"elementor-widget-wrap elementor-element-populated\">\n\t\t\t\t\t\t<section class=\"elementor-section elementor-inner-section elementor-element elementor-element-1fd488ea elementor-section-boxed elementor-section-height-default elementor-section-height-default\" data-id=\"1fd488ea\" data-element_type=\"section\" data-settings=\"{&quot;background_background&quot;:&quot;classic&quot;}\">\n\t\t\t\t\t\t<div class=\"elementor-container elementor-column-gap-no\">\n\t\t\t\t\t<div class=\"elementor-column elementor-col-50 elementor-inner-column elementor-element elementor-element-448962b9\" data-id=\"448962b9\" data-element_type=\"column\">\n\t\t\t<div class=\"elementor-widget-wrap elementor-element-populated\">\n\t\t\t\t\t\t<div class=\"elementor-element elementor-element-590bad42 elementor-widget elementor-widget-image\" data-id=\"590bad42\" data-element_type=\"widget\" data-widget_type=\"image.default\">\n\t\t\t\t<div class=\"elementor-widget-container\">\n\t\t\t\t\t\t\t\t\t\t\t\t\t\t\t<img fetchpriority=\"high\" decoding=\"async\" width=\"800\" height=\"922\" src=\"https:\/\/quay17.be\/wp-content\/uploads\/2024\/10\/quay17_brugge-brugskant-a.jpg\" class=\"attachment-large size-large wp-image-2800\" alt=\"\" srcset=\"https:\/\/quay17.be\/wp-content\/uploads\/2024\/10\/quay17_brugge-brugskant-a.jpg 803w, https:\/\/quay17.be\/wp-content\/uploads\/2024\/10\/quay17_brugge-brugskant-a-260x300.jpg 260w, https:\/\/quay17.be\/wp-content\/uploads\/2024\/10\/quay17_brugge-brugskant-a-768x885.jpg 768w\" sizes=\"(max-width: 800px) 100vw, 800px\" \/>\t\t\t\t\t\t\t\t\t\t\t\t\t\t\t<\/div>\n\t\t\t\t<\/div>\n\t\t\t\t<div class=\"elementor-element elementor-element-2510e08f elementor-widget elementor-widget-image\" data-id=\"2510e08f\" data-element_type=\"widget\" data-widget_type=\"image.default\">\n\t\t\t\t<div class=\"elementor-widget-container\">\n\t\t\t\t\t\t\t\t\t\t\t\t\t\t\t<img decoding=\"async\" width=\"649\" height=\"650\" src=\"https:\/\/quay17.be\/wp-content\/uploads\/2024\/10\/quay17_brugge-historie.jpg\" class=\"attachment-large size-large wp-image-2801\" alt=\"\" srcset=\"https:\/\/quay17.be\/wp-content\/uploads\/2024\/10\/quay17_brugge-historie.jpg 649w, https:\/\/quay17.be\/wp-content\/uploads\/2024\/10\/quay17_brugge-historie-300x300.jpg 300w, https:\/\/quay17.be\/wp-content\/uploads\/2024\/10\/quay17_brugge-historie-150x150.jpg 150w\" sizes=\"(max-width: 649px) 100vw, 649px\" \/>\t\t\t\t\t\t\t\t\t\t\t\t\t\t\t<\/div>\n\t\t\t\t<\/div>\n\t\t\t\t\t<\/div>\n\t\t<\/div>\n\t\t\t\t<div class=\"elementor-column elementor-col-50 elementor-inner-column elementor-element elementor-element-480d51b4\" data-id=\"480d51b4\" data-element_type=\"column\">\n\t\t\t<div class=\"elementor-widget-wrap elementor-element-populated\">\n\t\t\t\t\t\t<div class=\"elementor-element elementor-element-4e75bb5c elementor-widget elementor-widget-text-editor\" data-id=\"4e75bb5c\" data-element_type=\"widget\" data-widget_type=\"text-editor.default\">\n\t\t\t\t<div class=\"elementor-widget-container\">\n\t\t\t\t\t\t\t\t\t<p>Tant de beaut\u00e9<\/p>\n\t\t\t\t\t\t\t\t<\/div>\n\t\t\t\t<\/div>\n\t\t\t\t<div class=\"elementor-element elementor-element-5882ca5 elementor-widget elementor-widget-heading\" data-id=\"5882ca5\" data-element_type=\"widget\" data-widget_type=\"heading.default\">\n\t\t\t\t<div class=\"elementor-widget-container\">\n\t\t\t\t\t<h2 class=\"elementor-heading-title elementor-size-default\">Bruges : <br>Un s\u00e9jour complet<\/h2>\t\t\t\t<\/div>\n\t\t\t\t<\/div>\n\t\t\t\t<div class=\"elementor-element elementor-element-2eb4e5fd elementor-widget elementor-widget-text-editor\" data-id=\"2eb4e5fd\" data-element_type=\"widget\" data-widget_type=\"text-editor.default\">\n\t\t\t\t<div class=\"elementor-widget-container\">\n\t\t\t\t\t\t\t\t\t<p>Bruges offre tout ce dont vous avez besoin pour un s\u00e9jour inoubliable. Le riche caract\u00e8re historique de la ville, combin\u00e9 \u00e0 des d\u00e9lices culinaires tels que la bi\u00e8re et le chocolat, en fait une destination id\u00e9ale pour les amateurs de culture et de gastronomie. De plus, la ville abrite de nombreux mus\u00e9es, comme le mus\u00e9e Groeninge et le mus\u00e9e de la dentelle, o\u00f9 vous d\u00e9couvrirez les traditions et l\u2019art uniques de Bruges. La proximit\u00e9 de Knokke et de Damme permet d\u2019explorer encore plus les environs, faisant de Bruges la base id\u00e9ale pour des vacances vari\u00e9es et captivantes en Belgique.   <\/p>\n\t\t\t\t\t\t\t\t<\/div>\n\t\t\t\t<\/div>\n\t\t\t\t\t<\/div>\n\t\t<\/div>\n\t\t\t\t\t<\/div>\n\t\t<\/section>\n\t\t\t\t\t<\/div>\n\t\t<\/div>\n\t\t\t\t\t<\/div>\n\t\t<\/section>\n\t\t\t\t<section class=\"elementor-section elementor-top-section elementor-element elementor-element-5829646a elementor-section-boxed elementor-section-height-default elementor-section-height-default\" data-id=\"5829646a\" data-element_type=\"section\" data-settings=\"{&quot;background_background&quot;:&quot;classic&quot;}\">\n\t\t\t\t\t\t<div class=\"elementor-container elementor-column-gap-no\">\n\t\t\t\t\t<div class=\"elementor-column elementor-col-100 elementor-top-column elementor-element elementor-element-1a487b93\" data-id=\"1a487b93\" data-element_type=\"column\">\n\t\t\t<div class=\"elementor-widget-wrap elementor-element-populated\">\n\t\t\t\t\t\t<section class=\"elementor-section elementor-inner-section elementor-element elementor-element-7cbc8dd8 elementor-section-boxed elementor-section-height-default elementor-section-height-default\" data-id=\"7cbc8dd8\" data-element_type=\"section\" data-settings=\"{&quot;background_background&quot;:&quot;classic&quot;}\">\n\t\t\t\t\t\t<div class=\"elementor-container elementor-column-gap-default\">\n\t\t\t\t\t<div class=\"elementor-column elementor-col-33 elementor-inner-column elementor-element elementor-element-246ac7f9\" data-id=\"246ac7f9\" data-element_type=\"column\">\n\t\t\t<div class=\"elementor-widget-wrap elementor-element-populated\">\n\t\t\t\t\t\t<div class=\"elementor-element elementor-element-2a37464f elementor-widget elementor-widget-image\" data-id=\"2a37464f\" data-element_type=\"widget\" data-widget_type=\"image.default\">\n\t\t\t\t<div class=\"elementor-widget-container\">\n\t\t\t\t\t\t\t\t\t\t\t\t\t\t\t\t<a href=\"https:\/\/quay17.be\/wp-content\/uploads\/2024\/10\/quay17_brugge-stad-02.jpg\" data-elementor-open-lightbox=\"yes\" data-e-action-hash=\"#elementor-action%3Aaction%3Dlightbox%26settings%3DeyJpZCI6MjgwMywidXJsIjoiaHR0cHM6XC9cL3F1YXkxNy5iZVwvd3AtY29udGVudFwvdXBsb2Fkc1wvMjAyNFwvMTBcL3F1YXkxN19icnVnZ2Utc3RhZC0wMi5qcGcifQ%3D%3D\">\n\t\t\t\t\t\t\t<img decoding=\"async\" width=\"1000\" height=\"900\" src=\"https:\/\/quay17.be\/wp-content\/uploads\/2024\/10\/quay17_brugge-stad-02.jpg\" class=\"attachment-full size-full wp-image-2803\" alt=\"\" srcset=\"https:\/\/quay17.be\/wp-content\/uploads\/2024\/10\/quay17_brugge-stad-02.jpg 1000w, https:\/\/quay17.be\/wp-content\/uploads\/2024\/10\/quay17_brugge-stad-02-300x270.jpg 300w, https:\/\/quay17.be\/wp-content\/uploads\/2024\/10\/quay17_brugge-stad-02-768x691.jpg 768w\" sizes=\"(max-width: 1000px) 100vw, 1000px\" \/>\t\t\t\t\t\t\t\t<\/a>\n\t\t\t\t\t\t\t\t\t\t\t\t\t\t\t<\/div>\n\t\t\t\t<\/div>\n\t\t\t\t<div class=\"elementor-element elementor-element-5edeffe7 elementor-widget elementor-widget-image\" data-id=\"5edeffe7\" data-element_type=\"widget\" data-widget_type=\"image.default\">\n\t\t\t\t<div class=\"elementor-widget-container\">\n\t\t\t\t\t\t\t\t\t\t\t\t\t\t\t\t<a href=\"https:\/\/quay17.be\/wp-content\/uploads\/2024\/10\/quay17_brugge-stad-05jpg.jpg\" data-elementor-open-lightbox=\"yes\" data-e-action-hash=\"#elementor-action%3Aaction%3Dlightbox%26settings%3DeyJpZCI6MjgwNSwidXJsIjoiaHR0cHM6XC9cL3F1YXkxNy5iZVwvd3AtY29udGVudFwvdXBsb2Fkc1wvMjAyNFwvMTBcL3F1YXkxN19icnVnZ2Utc3RhZC0wNWpwZy5qcGcifQ%3D%3D\">\n\t\t\t\t\t\t\t<img loading=\"lazy\" decoding=\"async\" width=\"1000\" height=\"900\" src=\"https:\/\/quay17.be\/wp-content\/uploads\/2024\/10\/quay17_brugge-stad-05jpg.jpg\" class=\"attachment-full size-full wp-image-2805\" alt=\"\" srcset=\"https:\/\/quay17.be\/wp-content\/uploads\/2024\/10\/quay17_brugge-stad-05jpg.jpg 1000w, https:\/\/quay17.be\/wp-content\/uploads\/2024\/10\/quay17_brugge-stad-05jpg-300x270.jpg 300w, https:\/\/quay17.be\/wp-content\/uploads\/2024\/10\/quay17_brugge-stad-05jpg-768x691.jpg 768w\" sizes=\"(max-width: 1000px) 100vw, 1000px\" \/>\t\t\t\t\t\t\t\t<\/a>\n\t\t\t\t\t\t\t\t\t\t\t\t\t\t\t<\/div>\n\t\t\t\t<\/div>\n\t\t\t\t\t<\/div>\n\t\t<\/div>\n\t\t\t\t<div class=\"elementor-column elementor-col-33 elementor-inner-column elementor-element elementor-element-45bdc9a4\" data-id=\"45bdc9a4\" data-element_type=\"column\">\n\t\t\t<div class=\"elementor-widget-wrap elementor-element-populated\">\n\t\t\t\t\t\t<div class=\"elementor-element elementor-element-196fcae9 elementor-widget elementor-widget-image\" data-id=\"196fcae9\" data-element_type=\"widget\" data-widget_type=\"image.default\">\n\t\t\t\t<div class=\"elementor-widget-container\">\n\t\t\t\t\t\t\t\t\t\t\t\t\t\t\t\t<a href=\"https:\/\/quay17.be\/wp-content\/uploads\/2024\/10\/quay17_brugge-stad-01.jpg\" data-elementor-open-lightbox=\"yes\" data-e-action-hash=\"#elementor-action%3Aaction%3Dlightbox%26settings%3DeyJpZCI6MjgwMiwidXJsIjoiaHR0cHM6XC9cL3F1YXkxNy5iZVwvd3AtY29udGVudFwvdXBsb2Fkc1wvMjAyNFwvMTBcL3F1YXkxN19icnVnZ2Utc3RhZC0wMS5qcGcifQ%3D%3D\">\n\t\t\t\t\t\t\t<img loading=\"lazy\" decoding=\"async\" width=\"540\" height=\"960\" src=\"https:\/\/quay17.be\/wp-content\/uploads\/2024\/10\/quay17_brugge-stad-01.jpg\" class=\"attachment-full size-full wp-image-2802\" alt=\"\" srcset=\"https:\/\/quay17.be\/wp-content\/uploads\/2024\/10\/quay17_brugge-stad-01.jpg 540w, https:\/\/quay17.be\/wp-content\/uploads\/2024\/10\/quay17_brugge-stad-01-169x300.jpg 169w\" sizes=\"(max-width: 540px) 100vw, 540px\" \/>\t\t\t\t\t\t\t\t<\/a>\n\t\t\t\t\t\t\t\t\t\t\t\t\t\t\t<\/div>\n\t\t\t\t<\/div>\n\t\t\t\t\t<\/div>\n\t\t<\/div>\n\t\t\t\t<div class=\"elementor-column elementor-col-33 elementor-inner-column elementor-element elementor-element-3e7297ac\" data-id=\"3e7297ac\" data-element_type=\"column\">\n\t\t\t<div class=\"elementor-widget-wrap elementor-element-populated\">\n\t\t\t\t\t\t<div class=\"elementor-element elementor-element-7f6ee13e elementor-widget elementor-widget-image\" data-id=\"7f6ee13e\" data-element_type=\"widget\" data-widget_type=\"image.default\">\n\t\t\t\t<div class=\"elementor-widget-container\">\n\t\t\t\t\t\t\t\t\t\t\t\t\t\t\t\t<a href=\"https:\/\/quay17.be\/wp-content\/uploads\/2024\/10\/quay17_brugge-stad-04.jpg\" data-elementor-open-lightbox=\"yes\" data-e-action-hash=\"#elementor-action%3Aaction%3Dlightbox%26settings%3DeyJpZCI6MjgwNCwidXJsIjoiaHR0cHM6XC9cL3F1YXkxNy5iZVwvd3AtY29udGVudFwvdXBsb2Fkc1wvMjAyNFwvMTBcL3F1YXkxN19icnVnZ2Utc3RhZC0wNC5qcGcifQ%3D%3D\">\n\t\t\t\t\t\t\t<img loading=\"lazy\" decoding=\"async\" width=\"1000\" height=\"900\" src=\"https:\/\/quay17.be\/wp-content\/uploads\/2024\/10\/quay17_brugge-stad-04.jpg\" class=\"attachment-full size-full wp-image-2804\" alt=\"\" srcset=\"https:\/\/quay17.be\/wp-content\/uploads\/2024\/10\/quay17_brugge-stad-04.jpg 1000w, https:\/\/quay17.be\/wp-content\/uploads\/2024\/10\/quay17_brugge-stad-04-300x270.jpg 300w, https:\/\/quay17.be\/wp-content\/uploads\/2024\/10\/quay17_brugge-stad-04-768x691.jpg 768w\" sizes=\"(max-width: 1000px) 100vw, 1000px\" \/>\t\t\t\t\t\t\t\t<\/a>\n\t\t\t\t\t\t\t\t\t\t\t\t\t\t\t<\/div>\n\t\t\t\t<\/div>\n\t\t\t\t<div class=\"elementor-element elementor-element-6ba94ce5 elementor-widget elementor-widget-image\" data-id=\"6ba94ce5\" data-element_type=\"widget\" data-widget_type=\"image.default\">\n\t\t\t\t<div class=\"elementor-widget-container\">\n\t\t\t\t\t\t\t\t\t\t\t\t\t\t\t\t<a href=\"https:\/\/quay17.be\/wp-content\/uploads\/2024\/10\/quay17_brugge-stad-07.jpg\" data-elementor-open-lightbox=\"yes\" data-e-action-hash=\"#elementor-action%3Aaction%3Dlightbox%26settings%3DeyJpZCI6MjgwNiwidXJsIjoiaHR0cHM6XC9cL3F1YXkxNy5iZVwvd3AtY29udGVudFwvdXBsb2Fkc1wvMjAyNFwvMTBcL3F1YXkxN19icnVnZ2Utc3RhZC0wNy5qcGcifQ%3D%3D\">\n\t\t\t\t\t\t\t<img loading=\"lazy\" decoding=\"async\" width=\"1000\" height=\"900\" src=\"https:\/\/quay17.be\/wp-content\/uploads\/2024\/10\/quay17_brugge-stad-07.jpg\" class=\"attachment-full size-full wp-image-2806\" alt=\"\" srcset=\"https:\/\/quay17.be\/wp-content\/uploads\/2024\/10\/quay17_brugge-stad-07.jpg 1000w, https:\/\/quay17.be\/wp-content\/uploads\/2024\/10\/quay17_brugge-stad-07-300x270.jpg 300w, https:\/\/quay17.be\/wp-content\/uploads\/2024\/10\/quay17_brugge-stad-07-768x691.jpg 768w\" sizes=\"(max-width: 1000px) 100vw, 1000px\" \/>\t\t\t\t\t\t\t\t<\/a>\n\t\t\t\t\t\t\t\t\t\t\t\t\t\t\t<\/div>\n\t\t\t\t<\/div>\n\t\t\t\t\t<\/div>\n\t\t<\/div>\n\t\t\t\t\t<\/div>\n\t\t<\/section>\n\t\t\t\t\t<\/div>\n\t\t<\/div>\n\t\t\t\t\t<\/div>\n\t\t<\/section>\n\t\t<div class=\"elementor-element elementor-element-3137677 e-con-full e-flex e-con e-parent\" data-id=\"3137677\" data-element_type=\"container\" data-settings=\"{&quot;background_background&quot;:&quot;classic&quot;}\">\n\t\t\t\t<div class=\"elementor-element elementor-element-452bff2 elementor-widget__width-inherit elementor-widget elementor-widget-accordion\" data-id=\"452bff2\" data-element_type=\"widget\" data-widget_type=\"accordion.default\">\n\t\t\t\t<div class=\"elementor-widget-container\">\n\t\t\t\t\t\t\t<div class=\"elementor-accordion\">\n\t\t\t\t\t\t\t<div class=\"elementor-accordion-item\">\n\t\t\t\t\t<div id=\"elementor-tab-title-7251\" class=\"elementor-tab-title\" data-tab=\"1\" role=\"button\" aria-controls=\"elementor-tab-content-7251\" aria-expanded=\"false\">\n\t\t\t\t\t\t\t\t\t\t\t\t\t<span class=\"elementor-accordion-icon elementor-accordion-icon-left\" aria-hidden=\"true\">\n\t\t\t\t\t\t\t\t\t\t\t\t\t\t\t<span class=\"elementor-accordion-icon-closed\"><svg class=\"e-font-icon-svg e-fas-plus\" viewBox=\"0 0 448 512\" xmlns=\"http:\/\/www.w3.org\/2000\/svg\"><path d=\"M416 208H272V64c0-17.67-14.33-32-32-32h-32c-17.67 0-32 14.33-32 32v144H32c-17.67 0-32 14.33-32 32v32c0 17.67 14.33 32 32 32h144v144c0 17.67 14.33 32 32 32h32c17.67 0 32-14.33 32-32V304h144c17.67 0 32-14.33 32-32v-32c0-17.67-14.33-32-32-32z\"><\/path><\/svg><\/span>\n\t\t\t\t\t\t\t\t<span class=\"elementor-accordion-icon-opened\"><svg class=\"e-font-icon-svg e-fas-minus\" viewBox=\"0 0 448 512\" xmlns=\"http:\/\/www.w3.org\/2000\/svg\"><path d=\"M416 208H32c-17.67 0-32 14.33-32 32v32c0 17.67 14.33 32 32 32h384c17.67 0 32-14.33 32-32v-32c0-17.67-14.33-32-32-32z\"><\/path><\/svg><\/span>\n\t\t\t\t\t\t\t\t\t\t\t\t\t\t<\/span>\n\t\t\t\t\t\t\t\t\t\t\t\t<a class=\"elementor-accordion-title\" tabindex=\"0\">Bruges historique : Un voyage dans le temps<\/a>\n\t\t\t\t\t<\/div>\n\t\t\t\t\t<div id=\"elementor-tab-content-7251\" class=\"elementor-tab-content elementor-clearfix\" data-tab=\"1\" role=\"region\" aria-labelledby=\"elementor-tab-title-7251\"><p>Bruges, la Venise du Nord, est l\u2019une des villes m\u00e9di\u00e9vales les mieux pr\u00e9serv\u00e9es d\u2019Europe et respire l\u2019histoire. Ses rues \u00e9troites pav\u00e9es, ses magnifiques canaux et ses b\u00e2timents majestueux ram\u00e8nent les visiteurs \u00e0 une \u00e9poque o\u00f9 Bruges \u00e9tait un centre commercial important. La ville est class\u00e9e au patrimoine mondial de l\u2019UNESCO et offre une impressionnante collection de monuments historiques, comme le Beffroi de Bruges, la Basilique du Saint-Sang et le splendide B\u00e9guinage.  <\/p>\n<p>Une promenade dans la ville ressemble \u00e0 un voyage dans le temps, o\u00f9 l\u2019on peut ressentir l\u2019atmosph\u00e8re m\u00e9di\u00e9vale, compl\u00e8te avec ses canaux et ponts formant un cadre idyllique. Le mus\u00e9e Groeninge abrite une riche collection de primitifs flamands et offre un fascinant aper\u00e7u de l\u2019art et de la culture de l\u2019\u00e9poque. <\/p>\n<\/div>\n\t\t\t\t<\/div>\n\t\t\t\t\t\t\t<div class=\"elementor-accordion-item\">\n\t\t\t\t\t<div id=\"elementor-tab-title-7252\" class=\"elementor-tab-title\" data-tab=\"2\" role=\"button\" aria-controls=\"elementor-tab-content-7252\" aria-expanded=\"false\">\n\t\t\t\t\t\t\t\t\t\t\t\t\t<span class=\"elementor-accordion-icon elementor-accordion-icon-left\" aria-hidden=\"true\">\n\t\t\t\t\t\t\t\t\t\t\t\t\t\t\t<span class=\"elementor-accordion-icon-closed\"><svg class=\"e-font-icon-svg e-fas-plus\" viewBox=\"0 0 448 512\" xmlns=\"http:\/\/www.w3.org\/2000\/svg\"><path d=\"M416 208H272V64c0-17.67-14.33-32-32-32h-32c-17.67 0-32 14.33-32 32v144H32c-17.67 0-32 14.33-32 32v32c0 17.67 14.33 32 32 32h144v144c0 17.67 14.33 32 32 32h32c17.67 0 32-14.33 32-32V304h144c17.67 0 32-14.33 32-32v-32c0-17.67-14.33-32-32-32z\"><\/path><\/svg><\/span>\n\t\t\t\t\t\t\t\t<span class=\"elementor-accordion-icon-opened\"><svg class=\"e-font-icon-svg e-fas-minus\" viewBox=\"0 0 448 512\" xmlns=\"http:\/\/www.w3.org\/2000\/svg\"><path d=\"M416 208H32c-17.67 0-32 14.33-32 32v32c0 17.67 14.33 32 32 32h384c17.67 0 32-14.33 32-32v-32c0-17.67-14.33-32-32-32z\"><\/path><\/svg><\/span>\n\t\t\t\t\t\t\t\t\t\t\t\t\t\t<\/span>\n\t\t\t\t\t\t\t\t\t\t\t\t<a class=\"elementor-accordion-title\" tabindex=\"0\">D\u00e9lices culinaires : Bi\u00e8re, chocolat et restaurants de qualit\u00e9<\/a>\n\t\t\t\t\t<\/div>\n\t\t\t\t\t<div id=\"elementor-tab-content-7252\" class=\"elementor-tab-content elementor-clearfix\" data-tab=\"2\" role=\"region\" aria-labelledby=\"elementor-tab-title-7252\"><p>La Belgique est c\u00e9l\u00e8bre pour sa culture de la bi\u00e8re, et Bruges ne fait pas exception. La ville regorge de brasseries locales et de caf\u00e9s \u00e0 bi\u00e8re o\u00f9 les visiteurs peuvent d\u00e9guster certaines des meilleures bi\u00e8res du monde, comme la Brugse Zot et la Straffe Hendrik, toutes deux de la brasserie De Halve Maan. Une visite \u00e0 cette brasserie, incluant une d\u00e9gustation, est fortement recommand\u00e9e.  <\/p>\n<p>Voor de zoetekauwen is Brugge ook een paradijs. De stad staat bekend om haar handgemaakte chocolade en heeft talloze chocolatiers die prachtige pralines en andere lekkernijen maken. Een bezoek aan het Choco-Story Museum geeft je inzicht in de rijke geschiedenis van chocolade en hoe deze heerlijke lekkernij wordt gemaakt.  <\/p>\n<p>Pour les amateurs de sucreries, Bruges est \u00e9galement un paradis. La ville est r\u00e9put\u00e9e pour son chocolat artisanal, avec de nombreux chocolatiers fabriquant de superbes pralines et autres douceurs. Une visite au mus\u00e9e Choco-Story vous plongera dans l\u2019histoire riche du chocolat et sa fabrication.  <\/p>\n<\/div>\n\t\t\t\t<\/div>\n\t\t\t\t\t\t\t<div class=\"elementor-accordion-item\">\n\t\t\t\t\t<div id=\"elementor-tab-title-7253\" class=\"elementor-tab-title\" data-tab=\"3\" role=\"button\" aria-controls=\"elementor-tab-content-7253\" aria-expanded=\"false\">\n\t\t\t\t\t\t\t\t\t\t\t\t\t<span class=\"elementor-accordion-icon elementor-accordion-icon-left\" aria-hidden=\"true\">\n\t\t\t\t\t\t\t\t\t\t\t\t\t\t\t<span class=\"elementor-accordion-icon-closed\"><svg class=\"e-font-icon-svg e-fas-plus\" viewBox=\"0 0 448 512\" xmlns=\"http:\/\/www.w3.org\/2000\/svg\"><path d=\"M416 208H272V64c0-17.67-14.33-32-32-32h-32c-17.67 0-32 14.33-32 32v144H32c-17.67 0-32 14.33-32 32v32c0 17.67 14.33 32 32 32h144v144c0 17.67 14.33 32 32 32h32c17.67 0 32-14.33 32-32V304h144c17.67 0 32-14.33 32-32v-32c0-17.67-14.33-32-32-32z\"><\/path><\/svg><\/span>\n\t\t\t\t\t\t\t\t<span class=\"elementor-accordion-icon-opened\"><svg class=\"e-font-icon-svg e-fas-minus\" viewBox=\"0 0 448 512\" xmlns=\"http:\/\/www.w3.org\/2000\/svg\"><path d=\"M416 208H32c-17.67 0-32 14.33-32 32v32c0 17.67 14.33 32 32 32h384c17.67 0 32-14.33 32-32v-32c0-17.67-14.33-32-32-32z\"><\/path><\/svg><\/span>\n\t\t\t\t\t\t\t\t\t\t\t\t\t\t<\/span>\n\t\t\t\t\t\t\t\t\t\t\t\t<a class=\"elementor-accordion-title\" tabindex=\"0\">Excursions \u00e0 proximit\u00e9 : Knokke et Damme<\/a>\n\t\t\t\t\t<\/div>\n\t\t\t\t\t<div id=\"elementor-tab-content-7253\" class=\"elementor-tab-content elementor-clearfix\" data-tab=\"3\" role=\"region\" aria-labelledby=\"elementor-tab-title-7253\"><p>Bien que Bruges ait de quoi vous occuper pendant plusieurs jours, la proximit\u00e9 d\u2019autres destinations pittoresques est une raison suppl\u00e9mentaire de prolonger votre s\u00e9jour. \u00c0 seulement une demi-heure de route se trouve Knokke, une ville c\u00f4ti\u00e8re pris\u00e9e avec de larges plages de sable, des boutiques de luxe et une ambiance anim\u00e9e. C\u2019est l\u2019endroit parfait pour se d\u00e9tendre au bord de la mer apr\u00e8s quelques jours de visite en ville. Knokke poss\u00e8de \u00e9galement une belle r\u00e9serve naturelle, Het Zwin, id\u00e9ale pour les amoureux de la nature.   <\/p>\n<p>Non loin de Bruges, Damme est une charmante petite ville connue pour sa beaut\u00e9 pittoresque et sa riche histoire litt\u00e9raire. Damme est parfaite pour une excursion d\u2019une journ\u00e9e tranquille, o\u00f9 vous pourrez d\u00e9couvrir ses librairies pittoresques, faire de belles promenades le long du canal de Damme et d\u00e9guster de d\u00e9licieux repas dans l\u2019un de ses restaurants chaleureux. Vous pouvez facilement rejoindre Damme \u00e0 v\u00e9lo ou en bateau depuis Bruges, ce qui rend l\u2019exp\u00e9rience encore plus unique.  <\/p>\n<\/div>\n\t\t\t\t<\/div>\n\t\t\t\t\t\t\t\t<\/div>\n\t\t\t\t\t\t<\/div>\n\t\t\t\t<\/div>\n\t\t\t\t<\/div>\n\t\t\t\t<\/div>\n\t\t","protected":false},"excerpt":{"rendered":"<p>Bruges Die Scone Un s\u00e9jour inoubliable Tant de beaut\u00e9 Bruges : Un s\u00e9jour complet Bruges offre tout ce dont vous avez besoin pour un s\u00e9jour inoubliable. Le riche caract\u00e8re historique de la ville, combin\u00e9 \u00e0 des d\u00e9lices culinaires tels que la bi\u00e8re et le chocolat, en fait une destination id\u00e9ale pour les amateurs de culture [&hellip;]<\/p>\n","protected":false},"author":1,"featured_media":0,"parent":0,"menu_order":28,"comment_status":"closed","ping_status":"closed","template":"","meta":{"footnotes":""},"class_list":["post-2795","page","type-page","status-publish","hentry"],"_links":{"self":[{"href":"https:\/\/quay17.be\/fr\/wp-json\/wp\/v2\/pages\/2795","targetHints":{"allow":["GET"]}}],"collection":[{"href":"https:\/\/quay17.be\/fr\/wp-json\/wp\/v2\/pages"}],"about":[{"href":"https:\/\/quay17.be\/fr\/wp-json\/wp\/v2\/types\/page"}],"author":[{"embeddable":true,"href":"https:\/\/quay17.be\/fr\/wp-json\/wp\/v2\/users\/1"}],"replies":[{"embeddable":true,"href":"https:\/\/quay17.be\/fr\/wp-json\/wp\/v2\/comments?post=2795"}],"version-history":[{"count":4,"href":"https:\/\/quay17.be\/fr\/wp-json\/wp\/v2\/pages\/2795\/revisions"}],"predecessor-version":[{"id":3080,"href":"https:\/\/quay17.be\/fr\/wp-json\/wp\/v2\/pages\/2795\/revisions\/3080"}],"wp:attachment":[{"href":"https:\/\/quay17.be\/fr\/wp-json\/wp\/v2\/media?parent=2795"}],"curies":[{"name":"wp","href":"https:\/\/api.w.org\/{rel}","templated":true}]}}